{"id":2487,"date":"2025-09-06T21:03:32","date_gmt":"2025-09-06T21:03:32","guid":{"rendered":"https:\/\/iceplunger.com\/product\/essentials-pakke-koldtvandsbad-essentials\/"},"modified":"2025-11-10T14:39:13","modified_gmt":"2025-11-10T12:39:13","slug":"essentials-pakke-koldtvandsbad-essentials","status":"publish","type":"product","link":"https:\/\/iceplunger.com\/da\/vare\/essentials-pakke-koldtvandsbad-essentials\/","title":{"rendered":"Essentielt koldtvandsbad-s\u00e6t"},"content":{"rendered":"<p data-start=\"323\" data-end=\"381\"><strong>IcePlunger Essentials Pakke \u2013 Klar til kulden<\/strong><\/p>\n<p data-start=\"323\" data-end=\"381\">Koldtvandsbad er mere end et \u00f8jeblik, det er et ritual. For at m\u00f8de kulden har du brug for det rigtige udstyr, som beskytter og styrker oplevelsen. Denne pakke samler tre essentials designet til koldtvandsbadere:  <\/p>\n<ul data-start=\"648\" data-end=\"1079\">\n<li data-start=\"648\" data-end=\"794\">\n<p data-start=\"650\" data-end=\"794\"><strong data-start=\"650\" data-end=\"660\">Handsker:<\/strong> 3 mm neoprenvarme, teksturerede h\u00e5ndflader for godt greb og sikker lukning ved h\u00e5ndleddet. Beskytter h\u00e6nderne mod kulden og bevarer bev\u00e6geligheden. <\/p>\n<\/li>\n<li data-start=\"795\" data-end=\"941\">\n<p data-start=\"797\" data-end=\"941\"><strong data-start=\"797\" data-end=\"806\">Sokker:<\/strong> 3 mm neoprenisolering med forst\u00e6rkede teksturerede s\u00e5ler for greb p\u00e5 sten, is og glatte kanter. Holder f\u00f8dderne stabile og st\u00e6rke. <\/p>\n<\/li>\n<li data-start=\"942\" data-end=\"1079\">\n<p data-start=\"944\" data-end=\"1079\"><strong data-start=\"944\" data-end=\"956\">Stofpose:<\/strong> Slidst\u00e6rk pose i 100 % bomuld med IcePlunger-logo. Perfekt til v\u00e5de h\u00e5ndkl\u00e6der, ekstrat\u00f8j eller daglig brug. <\/p>\n<\/li>\n<\/ul>\n<p data-start=\"1081\" data-end=\"1214\">Tilsammen giver dette kit dig selvtillid til at m\u00f8de kulden fuldt udstyret \u2013 fra h\u00e6nder til f\u00f8dder og alt du b\u00e6rer med.<\/p>\n<p data-start=\"1216\" data-end=\"1254\">Tag springet. Del ritualet. <\/p>\n<hr data-start=\"1256\" data-end=\"1259\">\n<h3 data-start=\"1387\" data-end=\"1405\">St\u00f8rrelsesguide<\/h3>\n<table>\n<thead>\n<tr>\n<th>M\u00e6rke<\/th>\n<th>EU st\u00f8rrelse (Handsker)<\/th>\n<th>EU st\u00f8rrelse (Sokker)<\/th>\n<\/tr>\n<\/thead>\n<tbody>\n<tr>\n<td>XS<\/td>\n<td>7<\/td>\n<td>35\u201337<\/td>\n<\/tr>\n<tr>\n<td>S<\/td>\n<td>8<\/td>\n<td>38\u201340<\/td>\n<\/tr>\n<tr>\n<td>M<\/td>\n<td>9<\/td>\n<td>41\u201342<\/td>\n<\/tr>\n<tr>\n<td>L<\/td>\n<td>10<\/td>\n<td>43\u201344<\/td>\n<\/tr>\n<tr>\n<td>XL<\/td>\n<td>11<\/td>\n<td>45\u201346<\/td>\n<\/tr>\n<tr>\n<td>2XL<\/td>\n<td>12<\/td>\n<td>47\u201348<\/td>\n<\/tr>\n<\/tbody>\n<\/table>\n<p data-start=\"1732\" data-end=\"1857\"><strong data-start=\"1735\" data-end=\"1743\">Bem\u00e6rk:<\/strong> Handsker og sokker er designet til at sidde t\u00e6t for bedst isolering og performance. Hvis du foretr\u00e6kker en mindre stram pasform, v\u00e6lg en st\u00f8rrelse st\u00f8rre. <\/p>\n","protected":false},"excerpt":{"rendered":"<p data-start=\"153\" data-end=\"463\"><strong data-start=\"153\" data-end=\"219\">G\u00f8r dig klar til at dyppe dig med Ice Plunger Essentials Bundle.<\/strong><br data-start=\"219\" data-end=\"222\">Inkluderer neoprenhandsker for greb og varme, neoprensokker for et sikkert fodf\u00e6ste og en slidst\u00e6rk bomuldstaske til at b\u00e6re det hele. Designet af kulde-dyppere til kulde-dyppere, dette s\u00e6t holder dine h\u00e6nder, f\u00f8dder og udstyr klar til ritualet. <\/p>\n","protected":false},"featured_media":2462,"comment_status":"open","ping_status":"closed","template":"","meta":{"_uag_custom_page_level_css":"","site-sidebar-layout":"default","site-content-layout":"","ast-site-content-layout":"default","site-content-style":"default","site-sidebar-style":"default","ast-global-header-display":"","ast-banner-title-visibility":"","ast-main-header-display":"","ast-hfb-above-header-display":"","ast-hfb-below-header-display":"","ast-hfb-mobile-header-display":"","site-post-title":"","ast-breadcrumbs-content":"","ast-featured-img":"","footer-sml-layout":"","ast-disable-related-posts":"","theme-transparent-header-meta":"default","adv-header-id-meta":"","stick-header-meta":"","header-above-stick-meta":"","header-main-stick-meta":"","header-below-stick-meta":"","astra-migrate-meta-layouts":"set","ast-page-background-enabled":"default","ast-page-background-meta":{"desktop":{"background-color":"var(--ast-global-color-4)","background-image":"","background-repeat":"repeat","background-position":"center center","background-size":"auto","background-attachment":"scroll","background-type":"","background-media":"","overlay-type":"","overlay-color":"","overlay-opacity":"","overlay-gradient":""},"tablet":{"background-color":"","background-image":"","background-repeat":"repeat","background-position":"center center","background-size":"auto","background-attachment":"scroll","background-type":"","background-media":"","overlay-type":"","overlay-color":"","overlay-opacity":"","overlay-gradient":""},"mobile":{"background-color":"","background-image":"","background-repeat":"repeat","background-position":"center center","background-size":"auto","background-attachment":"scroll","background-type":"","background-media":"","overlay-type":"","overlay-color":"","overlay-opacity":"","overlay-gradient":""}},"ast-content-background-meta":{"desktop":{"background-color":"var(--ast-global-color-5)","background-image":"","background-repeat":"repeat","background-position":"center center","background-size":"auto","background-attachment":"scroll","background-type":"","background-media":"","overlay-type":"","overlay-color":"","overlay-opacity":"","overlay-gradient":""},"tablet":{"background-color":"var(--ast-global-color-5)","background-image":"","background-repeat":"repeat","background-position":"center center","background-size":"auto","background-attachment":"scroll","background-type":"","background-media":"","overlay-type":"","overlay-color":"","overlay-opacity":"","overlay-gradient":""},"mobile":{"background-color":"var(--ast-global-color-5)","background-image":"","background-repeat":"repeat","background-position":"center center","background-size":"auto","background-attachment":"scroll","background-type":"","background-media":"","overlay-type":"","overlay-color":"","overlay-opacity":"","overlay-gradient":""}}},"product_brand":[],"product_cat":[154,155,156],"product_tag":[249,166,250,161,160,157,158,163,248,170,168,162,164],"class_list":{"0":"post-2487","1":"product","2":"type-product","3":"status-publish","4":"has-post-thumbnail","6":"product_cat-isbadehandsker","7":"product_cat-isbadesokker","8":"product_cat-stofposer","9":"product_tag-essentials-koldtvandsbad-pakke","10":"product_tag-iceplunger","11":"product_tag-iceplunger-essentials-pakke","12":"product_tag-isbad-tilbehor","13":"product_tag-isbad-udstyr","14":"product_tag-koldtvandsbad","15":"product_tag-koldtvandsbad-essentials","16":"product_tag-koldtvandsbad-til-muskelrestitution","17":"product_tag-kuldeterapi-udstyr","18":"product_tag-neopren-koldtvandsbad-handsker","19":"product_tag-neopren-koldtvandsbad-sokker","20":"product_tag-nordisk-koldtvandsbad","21":"product_tag-udstyr-til-restitution","22":"desktop-align-left","23":"tablet-align-left","24":"mobile-align-left","25":"ast-product-gallery-layout-horizontal-slider","26":"ast-product-gallery-with-no-image","27":"ast-product-tabs-layout-horizontal","29":"first","30":"instock","31":"featured","32":"taxable","33":"shipping-taxable","34":"purchasable","35":"product-type-woosb"},"spectra_custom_meta":{"rank_math_internal_links_processed":["1"],"wp_statistics_words_count":["152"],"_alp_processed":["1757980393"],"_backorders":["yes"],"_download_limit":["-1"],"_download_expiry":["-1"],"_downloadable":["no"],"_stock_status":["instock"],"_sold_individually":["no"],"_tax_class":[""],"_tax_status":["taxable"],"_virtual":["no"],"total_sales":["7"],"_price":["54.95"],"site-sidebar-layout":["default"],"theme-transparent-header-meta":["default"],"ast-site-content-layout":["default"],"site-content-style":["default"],"site-sidebar-style":["default"],"_top_nav_excluded":[""],"_cms_nav_minihome":[""],"_thumbnail_id":["2462"],"_product_image_gallery":[""],"_last_translation_edit_mode":["translation-editor"],"_wpml_word_count":["250"],"woosb_after_text":[""],"woosb_before_text":[""],"woosb_custom_price":[""],"woosb_disable_auto_price":["on"],"woosb_discount":[""],"woosb_discount_amount":[""],"woosb_exclude_unpurchasable":["unset"],"woosb_layout":["unset"],"woosb_limit_whole_max":[""],"woosb_limit_whole_min":[""],"woosb_manage_stock":["off"],"woosb_shipping_fee":["whole"],"woosb_total_limits":["off"],"woosb_total_limits_max":[""],"woosb_total_limits_min":[""],"_stock":["497"],"_manage_stock":["yes"],"_edit_lock":["1757631343:1"],"rank_math_seo_score":["50"],"rank_math_contentai_score":["a:5:{s:8:\"keywords\";s:5:\"74.51\";s:9:\"wordCount\";s:1:\"0\";s:9:\"linkCount\";s:1:\"0\";s:12:\"headingCount\";s:1:\"0\";s:10:\"mediaCount\";s:1:\"0\";}"],"_edit_last":["1"],"cartflows_redirect_flow_id":[""],"cartflows_add_to_cart_text":[""],"_wc_average_rating":["5.00"],"_wc_review_count":["1"],"_ph_wc_postnord_hs_tariff_code":[""],"_ph_wc_postnord_country_of_manufacture":[""],"_ph_wc_postnord_product_description":[""],"_wcml_average_rating":["5.00"],"_wcml_review_count":["1"],"_wcml_rating_count":["a:1:{i:5;i:1;}"],"cmplz_hide_cookiebanner":[""],"rank_math_primary_product_brand":["0"],"astra-migrate-meta-layouts":["set"],"rank_math_primary_product_cat":["69"],"rank_math_analytic_object_id":["66"],"rank_math_title":["IcePlunger Essentials Pakke | Koldtvandsbad Essentials"],"rank_math_description":["IcePlunger Essentials Pakke med koldtvandsbad essentials: neoprenhandsker, neoprensokker og en stofpose i bomuld til enkel restitution og performance."],"rank_math_focus_keyword":["koldtvandsbad essentials"],"woosb_ids":["a:3:{s:4:\"baph\";a:6:{s:2:\"id\";s:4:\"2162\";s:3:\"sku\";s:0:\"\";s:3:\"qty\";s:1:\"1\";s:3:\"min\";s:0:\"\";s:3:\"max\";s:0:\"\";s:5:\"terms\";a:1:{s:8:\"pa_color\";a:2:{i:0;s:4:\"sort\";i:1;s:4:\"hvid\";}}}s:4:\"cul6\";a:6:{s:2:\"id\";s:4:\"2184\";s:3:\"sku\";s:0:\"\";s:3:\"qty\";s:1:\"1\";s:3:\"min\";s:0:\"\";s:3:\"max\";s:0:\"\";s:5:\"terms\";a:1:{s:8:\"pa_color\";a:2:{i:0;s:4:\"sort\";i:1;s:4:\"hvid\";}}}s:4:\"2n2k\";a:5:{s:2:\"id\";s:4:\"2198\";s:3:\"sku\";s:11:\"TOT-BAG-STD\";s:3:\"qty\";s:1:\"1\";s:3:\"min\";s:0:\"\";s:3:\"max\";s:0:\"\";}}"],"litespeed_vpi_list_mobile":["a:2:{i:0;s:33:\"cropped-IcePlunger_logo-75x72.png\";i:1;s:56:\"ICE_PLUNGER_Essentials-Bundle-e1757984543455-600x800.jpg\";}"],"_regular_price":["54.95"],"_weight":["0.45"],"_width":["23.5"],"_height":["8"],"_length":["23.5"],"_product_version":["10.3.5"],"_uag_css_file_name":["uag-css-2487.css"],"_last_change_time":["1774069466"],"_uag_page_assets":["a:9:{s:3:\"css\";s:1784:\".wp-block-uagb-advanced-heading h1,.wp-block-uagb-advanced-heading h2,.wp-block-uagb-advanced-heading h3,.wp-block-uagb-advanced-heading h4,.wp-block-uagb-advanced-heading h5,.wp-block-uagb-advanced-heading h6,.wp-block-uagb-advanced-heading p,.wp-block-uagb-advanced-heading div{word-break:break-word}.wp-block-uagb-advanced-heading .uagb-heading-text{margin:0}.wp-block-uagb-advanced-heading .uagb-desc-text{margin:0}.wp-block-uagb-advanced-heading .uagb-separator{font-size:0;border-top-style:solid;display:inline-block;margin:0 0 10px 0}.wp-block-uagb-advanced-heading .uagb-highlight{color:#f78a0c;border:0;transition:all .3s ease}.uag-highlight-toolbar{border-left:0;border-top:0;border-bottom:0;border-radius:0;border-right-color:#1e1e1e}.uag-highlight-toolbar .components-button{border-radius:0;outline:none}.uag-highlight-toolbar .components-button.is-primary{color:#fff}.wp-block-uagb-advanced-heading.uagb-block-23f03ea9.wp-block-uagb-advanced-heading {text-align: center;}.wp-block-uagb-advanced-heading.uagb-block-23f03ea9.wp-block-uagb-advanced-heading .uagb-desc-text{margin-bottom: 15px;}.wp-block-uagb-advanced-heading.uagb-block-23f03ea9.wp-block-uagb-advanced-heading .uagb-highlight{font-style: normal;font-weight: Default;background: #007cba;color: #fff;-webkit-text-fill-color: #fff;}.wp-block-uagb-advanced-heading.uagb-block-23f03ea9.wp-block-uagb-advanced-heading .uagb-highlight::-moz-selection{color: #fff;background: #007cba;-webkit-text-fill-color: #fff;}.wp-block-uagb-advanced-heading.uagb-block-23f03ea9.wp-block-uagb-advanced-heading .uagb-highlight::selection{color: #fff;background: #007cba;-webkit-text-fill-color: #fff;}.wp-block-uagb-advanced-heading.uagb-block-23f03ea9 .uagb-heading-text{font-size: 15px;line-height: 1.9em;letter-spacing: 1px;}\";s:2:\"js\";s:0:\"\";s:18:\"current_block_list\";a:12:{i:0;s:11:\"core\/search\";i:1;s:10:\"core\/group\";i:2;s:12:\"core\/heading\";i:3;s:17:\"core\/latest-posts\";i:4;s:20:\"core\/latest-comments\";i:5;s:13:\"core\/archives\";i:6;s:15:\"core\/categories\";i:7;s:10:\"core\/image\";i:8;s:21:\"uagb\/advanced-heading\";i:9;s:17:\"core\/social-links\";i:10;s:16:\"core\/social-link\";i:11;s:14:\"core\/paragraph\";}s:8:\"uag_flag\";b:1;s:11:\"uag_version\";s:10:\"1777640190\";s:6:\"gfonts\";a:0:{}s:10:\"gfonts_url\";s:0:\"\";s:12:\"gfonts_files\";a:0:{}s:14:\"uag_faq_layout\";b:0;}"],"_max_variation_price":[""],"_max_variation_regular_price":[""],"_max_variation_sale_price":[""],"_min_variation_price":[""],"_min_variation_regular_price":[""],"_min_variation_sale_price":[""],"_sale_price":[""],"_wc_rating_count":[{"5":1}]},"uagb_featured_image_src":{"full":["https:\/\/iceplunger.com\/wp-content\/uploads\/2025\/09\/ICE_PLUNGER_Essentials-Bundle-e1757984543455.jpg",1200,1600,false],"thumbnail":["https:\/\/iceplunger.com\/wp-content\/uploads\/2025\/09\/ICE_PLUNGER_Essentials-Bundle-150x150.jpg",150,150,true],"medium":["https:\/\/iceplunger.com\/wp-content\/uploads\/2025\/09\/ICE_PLUNGER_Essentials-Bundle-169x300.jpg",169,300,true],"medium_large":["https:\/\/iceplunger.com\/wp-content\/uploads\/2025\/09\/ICE_PLUNGER_Essentials-Bundle-768x1362.jpg",768,1362,true],"large":["https:\/\/iceplunger.com\/wp-content\/uploads\/2025\/09\/ICE_PLUNGER_Essentials-Bundle-577x1024.jpg",577,1024,true],"1536x1536":["https:\/\/iceplunger.com\/wp-content\/uploads\/2025\/09\/ICE_PLUNGER_Essentials-Bundle-866x1536.jpg",866,1536,true],"2048x2048":["https:\/\/iceplunger.com\/wp-content\/uploads\/2025\/09\/ICE_PLUNGER_Essentials-Bundle-e1757984543455.jpg",1200,1600,false],"woocommerce_thumbnail":["https:\/\/iceplunger.com\/wp-content\/uploads\/2025\/09\/ICE_PLUNGER_Essentials-Bundle-e1757984543455-300x300.jpg",300,300,true],"woocommerce_single":["https:\/\/iceplunger.com\/wp-content\/uploads\/2025\/09\/ICE_PLUNGER_Essentials-Bundle-e1757984543455-600x800.jpg",600,800,true],"woocommerce_gallery_thumbnail":["https:\/\/iceplunger.com\/wp-content\/uploads\/2025\/09\/ICE_PLUNGER_Essentials-Bundle-e1757984543455-100x100.jpg",100,100,true]},"uagb_author_info":{"display_name":"ICE PLUNGER admin","author_link":"https:\/\/iceplunger.com\/da\/author\/"},"uagb_comment_info":1,"uagb_excerpt":"G\u00f8r dig klar til at dyppe dig med Ice Plunger Essentials Bundle.Inkluderer neoprenhandsker for greb og varme, neoprensokker for et sikkert fodf\u00e6ste og en slidst\u00e6rk bomuldstaske til at b\u00e6re det hele. Designet af kulde-dyppere til kulde-dyppere, dette s\u00e6t holder dine h\u00e6nder, f\u00f8dder og udstyr klar til ritualet.","jetpack_sharing_enabled":true,"_links":{"self":[{"href":"https:\/\/iceplunger.com\/da\/wp-json\/wp\/v2\/product\/2487","targetHints":{"allow":["GET"]}}],"collection":[{"href":"https:\/\/iceplunger.com\/da\/wp-json\/wp\/v2\/product"}],"about":[{"href":"https:\/\/iceplunger.com\/da\/wp-json\/wp\/v2\/types\/product"}],"replies":[{"embeddable":true,"href":"https:\/\/iceplunger.com\/da\/wp-json\/wp\/v2\/comments?post=2487"}],"wp:featuredmedia":[{"embeddable":true,"href":"https:\/\/iceplunger.com\/da\/wp-json\/wp\/v2\/media\/2462"}],"wp:attachment":[{"href":"https:\/\/iceplunger.com\/da\/wp-json\/wp\/v2\/media?parent=2487"}],"wp:term":[{"taxonomy":"product_brand","embeddable":true,"href":"https:\/\/iceplunger.com\/da\/wp-json\/wp\/v2\/product_brand?post=2487"},{"taxonomy":"product_cat","embeddable":true,"href":"https:\/\/iceplunger.com\/da\/wp-json\/wp\/v2\/product_cat?post=2487"},{"taxonomy":"product_tag","embeddable":true,"href":"https:\/\/iceplunger.com\/da\/wp-json\/wp\/v2\/product_tag?post=2487"}],"curies":[{"name":"wp","href":"https:\/\/api.w.org\/{rel}","templated":true}]}}