{"id":2609,"date":"2025-08-27T12:25:07","date_gmt":"2025-08-27T12:25:07","guid":{"rendered":"https:\/\/iceplunger.com\/product\/isbadesokker\/"},"modified":"2025-09-29T20:25:38","modified_gmt":"2025-09-29T17:25:38","slug":"isbadesokker","status":"publish","type":"product","link":"https:\/\/iceplunger.com\/da\/vare\/isbadesokker\/","title":{"rendered":"Isbadesokker"},"content":{"rendered":"<p data-start=\"272\" data-end=\"466\"><strong>Isbadesokker \u2013 Designet af isbadere, til isbadere<br \/><\/strong><\/p>\n<p data-start=\"272\" data-end=\"466\">Dit bad starter ved t\u00e6erne. Koldt vand tr\u00e6nger hurtigt ind, og n\u00e5r f\u00f8dderne bliver f\u00f8lelsesl\u00f8se, \u00f8del\u00e6gges oplevelsen. Derfor lavede vi disse sokker: af isbadere, til isbadere.  <\/p>\n<p data-start=\"468\" data-end=\"796\">Fremstillet i 3 mm premium neopren isolerer de f\u00f8dderne mod isvand, samtidig med at de er fleksible nok til at sv\u00f8mme eller tr\u00e6de ind og ud af vandet. Indersiden har nylonfor for komfort og holdbarhed, mens yderlaget (80 % nylon \/ 20 % elastan) g\u00f8r dem str\u00e6kbare og slidst\u00e6rke. <\/p>\n<p data-start=\"798\" data-end=\"980\">En forst\u00e6rket tekstureret s\u00e5l giver greb p\u00e5 glatte sten, is og v\u00e5de kanter. Ingen un\u00f8dvendige detaljer \u2013 kun p\u00e5lideligt beskyttelse til at holde f\u00f8dderne st\u00e6rke. <\/p>\n<p data-start=\"982\" data-end=\"996\"><strong>Detaljer:<\/strong><\/p>\n<ul data-start=\"997\" data-end=\"1259\">\n<li data-start=\"997\" data-end=\"1041\">\n<p data-start=\"999\" data-end=\"1041\">3 mm neopren for varme og bev\u00e6gelighed<\/p>\n<\/li>\n<li data-start=\"1042\" data-end=\"1100\">\n<p data-start=\"1044\" data-end=\"1100\">Nylonfor for komfort og holdbarhed<\/p>\n<\/li>\n<li data-start=\"1101\" data-end=\"1166\">\n<p data-start=\"1103\" data-end=\"1166\">80 % nylon \/ 20 % elastan yderlag for stretch og styrke<\/p>\n<\/li>\n<li data-start=\"1167\" data-end=\"1226\">\n<p data-start=\"1169\" data-end=\"1226\">Forst\u00e6rket tekstureret s\u00e5l for greb i iskolde forhold<\/p>\n<\/li>\n<li data-start=\"1227\" data-end=\"1259\">\n<p data-start=\"1229\" data-end=\"1259\">St\u00f8rrelser: EU 35\u201348 (XS\u20132XL)<\/p>\n<\/li>\n<\/ul>\n<p data-start=\"1261\" data-end=\"1325\"><strong>Tag springet. Hold f\u00f8dderne st\u00e6rke. Og stol p\u00e5 pasformen.<\/strong><\/p>\n<table>\n<thead>\n<tr>\n<th>St\u00f8rrelse<\/th>\n<th>EU St\u00f8rrelse (Sokker)<\/th>\n<\/tr>\n<\/thead>\n<tbody>\n<tr>\n<td>XS<\/td>\n<td>35\u201337<\/td>\n<\/tr>\n<tr>\n<td>S<\/td>\n<td>38\u201340<\/td>\n<\/tr>\n<tr>\n<td>M<\/td>\n<td>41\u201342<\/td>\n<\/tr>\n<tr>\n<td>L<\/td>\n<td>43\u201344<\/td>\n<\/tr>\n<tr>\n<td>XL<\/td>\n<td>45\u201346<\/td>\n<\/tr>\n<tr>\n<td>2XL<\/td>\n<td>47\u201348<\/td>\n<\/tr>\n<\/tbody>\n<\/table>\n<p data-start=\"823\" data-end=\"940\"><strong data-start=\"826\" data-end=\"834\">Tip:<\/strong> Sokker er designet til at sidde t\u00e6t for at give isolering. Hvis du ikke kan lide en t\u00e6tsiddende pasform, skal du v\u00e6lge <strong data-start=\"922\" data-end=\"937\">en st\u00f8rrelse st\u00f8rre!<\/strong> <\/p>\n","protected":false},"excerpt":{"rendered":"<p data-start=\"1364\" data-end=\"1599\"><strong data-start=\"1364\" data-end=\"1422\">Isbadesokker \u2013 Bygget til hvert skridt<\/strong><br \/>\n<br data-start=\"1425\" data-end=\"1428\">Fremstillet i 3 mm neopren med slidst\u00e6rkt nylonfor, et str\u00e6kbart yderlag og en forst\u00e6rket s\u00e5l for godt greb. Designet af isbadere, til isbadere. <\/p>\n<p data-start=\"1364\" data-end=\"1599\">St\u00f8rrelser XS\u20132XL (EU 36\u201348). V\u00e6lg en st\u00f8rrelse st\u00f8rre, hvis du \u00f8nsker en l\u00f8sere pasform. <\/p>\n","protected":false},"featured_media":2467,"comment_status":"open","ping_status":"closed","template":"","meta":{"_uag_custom_page_level_css":"","site-sidebar-layout":"default","site-content-layout":"","ast-site-content-layout":"default","site-content-style":"default","site-sidebar-style":"default","ast-global-header-display":"","ast-banner-title-visibility":"","ast-main-header-display":"","ast-hfb-above-header-display":"","ast-hfb-below-header-display":"","ast-hfb-mobile-header-display":"","site-post-title":"","ast-breadcrumbs-content":"","ast-featured-img":"","footer-sml-layout":"","ast-disable-related-posts":"","theme-transparent-header-meta":"default","adv-header-id-meta":"","stick-header-meta":"","header-above-stick-meta":"","header-main-stick-meta":"","header-below-stick-meta":"","astra-migrate-meta-layouts":"default","ast-page-background-enabled":"default","ast-page-background-meta":{"desktop":{"background-color":"var(--ast-global-color-4)","background-image":"","background-repeat":"repeat","background-position":"center center","background-size":"auto","background-attachment":"scroll","background-type":"","background-media":"","overlay-type":"","overlay-color":"","overlay-opacity":"","overlay-gradient":""},"tablet":{"background-color":"","background-image":"","background-repeat":"repeat","background-position":"center center","background-size":"auto","background-attachment":"scroll","background-type":"","background-media":"","overlay-type":"","overlay-color":"","overlay-opacity":"","overlay-gradient":""},"mobile":{"background-color":"","background-image":"","background-repeat":"repeat","background-position":"center center","background-size":"auto","background-attachment":"scroll","background-type":"","background-media":"","overlay-type":"","overlay-color":"","overlay-opacity":"","overlay-gradient":""}},"ast-content-background-meta":{"desktop":{"background-color":"var(--ast-global-color-5)","background-image":"","background-repeat":"repeat","background-position":"center center","background-size":"auto","background-attachment":"scroll","background-type":"","background-media":"","overlay-type":"","overlay-color":"","overlay-opacity":"","overlay-gradient":""},"tablet":{"background-color":"var(--ast-global-color-5)","background-image":"","background-repeat":"repeat","background-position":"center center","background-size":"auto","background-attachment":"scroll","background-type":"","background-media":"","overlay-type":"","overlay-color":"","overlay-opacity":"","overlay-gradient":""},"mobile":{"background-color":"var(--ast-global-color-5)","background-image":"","background-repeat":"repeat","background-position":"center center","background-size":"auto","background-attachment":"scroll","background-type":"","background-media":"","overlay-type":"","overlay-color":"","overlay-opacity":"","overlay-gradient":""}}},"product_brand":[],"product_cat":[155],"product_tag":[166,342,340,341,248,168,162,343],"class_list":{"0":"post-2609","1":"product","2":"type-product","3":"status-publish","4":"has-post-thumbnail","6":"product_cat-isbadesokker","7":"product_tag-iceplunger","8":"product_tag-isbad-sokker","9":"product_tag-isbadesokker","10":"product_tag-koldtvandssokker","11":"product_tag-kuldeterapi-udstyr","12":"product_tag-neopren-koldtvandsbad-sokker","13":"product_tag-nordisk-koldtvandsbad","14":"product_tag-restitutionssokker","15":"desktop-align-left","16":"tablet-align-left","17":"mobile-align-left","18":"ast-product-gallery-layout-horizontal-slider","19":"ast-product-single-variable","20":"ast-product-tabs-layout-horizontal","22":"first","23":"instock","24":"taxable","25":"shipping-taxable","26":"purchasable","27":"product-type-variable"},"spectra_custom_meta":{"rank_math_internal_links_processed":["1"],"wp_statistics_words_count":["178"],"_alp_processed":["1757614733"],"_wcml_average_rating":["5.00"],"_wcml_review_count":["1"],"_wcml_rating_count":["a:1:{i:5;i:1;}"],"rank_math_primary_product_cat":["70"],"_backorders":["no"],"_download_limit":["-1"],"_download_expiry":["-1"],"_downloadable":["no"],"_manage_stock":["no"],"_stock_status":["instock"],"_sold_individually":["no"],"_tax_class":[""],"_tax_status":["taxable"],"_virtual":["no"],"total_sales":["4"],"_price":["24.95"],"site-sidebar-layout":["default"],"theme-transparent-header-meta":["default"],"ast-site-content-layout":["default"],"site-content-style":["default"],"site-sidebar-style":["default"],"_top_nav_excluded":[""],"_cms_nav_minihome":[""],"_thumbnail_id":["2467"],"_product_attributes":["a:2:{s:13:\"pa_size_socks\";a:6:{s:4:\"name\";s:13:\"pa_size_socks\";s:5:\"value\";s:0:\"\";s:8:\"position\";i:0;s:10:\"is_visible\";i:1;s:12:\"is_variation\";i:1;s:11:\"is_taxonomy\";i:1;}s:8:\"pa_color\";a:6:{s:4:\"name\";s:8:\"pa_color\";s:5:\"value\";s:0:\"\";s:8:\"position\";i:1;s:10:\"is_visible\";i:1;s:12:\"is_variation\";i:1;s:11:\"is_taxonomy\";i:1;}}"],"_last_translation_edit_mode":["translation-editor"],"_wpml_word_count":["250"],"_product_image_gallery":["2467,2565,2610,2611"],"rank_math_title":["IcePlunger Isbadesokker | Neopren Isbadesokker"],"rank_math_description":["Neopren isbadesokker med greb og isolering. Hold f\u00f8dderne varme og stabile i isvand. Designet af isbadere, til isbadere.  "],"rank_math_focus_keyword":["isbadesokker"],"_edit_lock":["1757624656:1"],"_wc_facebook_sync_enabled":["yes"],"fb_visibility":["yes"],"_wc_facebook_sync_enabled_v2":["yes"],"litespeed_vpi_list_mobile":["a:2:{i:0;s:33:\"cropped-IcePlunger_logo-75x72.png\";i:1;s:55:\"Ice_Swimming_Socks_Black_Front_ICE_PLUNGER-600x1064.jpg\";}"],"_stock":[null],"_wc_average_rating":["5.00"],"_wc_gla_notification_status":["created"],"_wc_gla_sync_status":["synced"],"_wc_gla_synced_at":["1759166766"],"_wc_gla_visibility":["sync-and-show"],"_weight":["0.2"],"_width":["23.5"],"_height":["8"],"_length":["23.5"],"_product_version":["10.3.6"],"_uag_css_file_name":["uag-css-2609.css"],"_uag_page_assets":["a:9:{s:3:\"css\";s:1784:\".wp-block-uagb-advanced-heading h1,.wp-block-uagb-advanced-heading h2,.wp-block-uagb-advanced-heading h3,.wp-block-uagb-advanced-heading h4,.wp-block-uagb-advanced-heading h5,.wp-block-uagb-advanced-heading h6,.wp-block-uagb-advanced-heading p,.wp-block-uagb-advanced-heading div{word-break:break-word}.wp-block-uagb-advanced-heading .uagb-heading-text{margin:0}.wp-block-uagb-advanced-heading .uagb-desc-text{margin:0}.wp-block-uagb-advanced-heading .uagb-separator{font-size:0;border-top-style:solid;display:inline-block;margin:0 0 10px 0}.wp-block-uagb-advanced-heading .uagb-highlight{color:#f78a0c;border:0;transition:all .3s ease}.uag-highlight-toolbar{border-left:0;border-top:0;border-bottom:0;border-radius:0;border-right-color:#1e1e1e}.uag-highlight-toolbar .components-button{border-radius:0;outline:none}.uag-highlight-toolbar .components-button.is-primary{color:#fff}.wp-block-uagb-advanced-heading.uagb-block-23f03ea9.wp-block-uagb-advanced-heading {text-align: center;}.wp-block-uagb-advanced-heading.uagb-block-23f03ea9.wp-block-uagb-advanced-heading .uagb-desc-text{margin-bottom: 15px;}.wp-block-uagb-advanced-heading.uagb-block-23f03ea9.wp-block-uagb-advanced-heading .uagb-highlight{font-style: normal;font-weight: Default;background: #007cba;color: #fff;-webkit-text-fill-color: #fff;}.wp-block-uagb-advanced-heading.uagb-block-23f03ea9.wp-block-uagb-advanced-heading .uagb-highlight::-moz-selection{color: #fff;background: #007cba;-webkit-text-fill-color: #fff;}.wp-block-uagb-advanced-heading.uagb-block-23f03ea9.wp-block-uagb-advanced-heading .uagb-highlight::selection{color: #fff;background: #007cba;-webkit-text-fill-color: #fff;}.wp-block-uagb-advanced-heading.uagb-block-23f03ea9 .uagb-heading-text{font-size: 15px;line-height: 1.9em;letter-spacing: 1px;}\";s:2:\"js\";s:0:\"\";s:18:\"current_block_list\";a:12:{i:0;s:11:\"core\/search\";i:1;s:10:\"core\/group\";i:2;s:12:\"core\/heading\";i:3;s:17:\"core\/latest-posts\";i:4;s:20:\"core\/latest-comments\";i:5;s:13:\"core\/archives\";i:6;s:15:\"core\/categories\";i:7;s:10:\"core\/image\";i:8;s:21:\"uagb\/advanced-heading\";i:9;s:17:\"core\/social-links\";i:10;s:16:\"core\/social-link\";i:11;s:14:\"core\/paragraph\";}s:8:\"uag_flag\";b:1;s:11:\"uag_version\";s:10:\"1777640190\";s:6:\"gfonts\";a:0:{}s:10:\"gfonts_url\";s:0:\"\";s:12:\"gfonts_files\";a:0:{}s:14:\"uag_faq_layout\";b:0;}"],"_max_variation_price":[""],"_max_variation_regular_price":[""],"_max_variation_sale_price":[""],"_min_variation_price":[""],"_min_variation_regular_price":[""],"_min_variation_sale_price":[""],"_regular_price":[""],"_sale_price":[""],"_wc_rating_count":[{"5":1}],"_wc_review_count":["1"]},"uagb_featured_image_src":{"full":["https:\/\/iceplunger.com\/wp-content\/uploads\/2025\/08\/Ice_Swimming_Socks_Black_Front_ICE_PLUNGER.jpg",902,1600,false],"thumbnail":["https:\/\/iceplunger.com\/wp-content\/uploads\/2025\/08\/Ice_Swimming_Socks_Black_Front_ICE_PLUNGER-150x150.jpg",150,150,true],"medium":["https:\/\/iceplunger.com\/wp-content\/uploads\/2025\/08\/Ice_Swimming_Socks_Black_Front_ICE_PLUNGER-169x300.jpg",169,300,true],"medium_large":["https:\/\/iceplunger.com\/wp-content\/uploads\/2025\/08\/Ice_Swimming_Socks_Black_Front_ICE_PLUNGER-768x1362.jpg",768,1362,true],"large":["https:\/\/iceplunger.com\/wp-content\/uploads\/2025\/08\/Ice_Swimming_Socks_Black_Front_ICE_PLUNGER-577x1024.jpg",577,1024,true],"1536x1536":["https:\/\/iceplunger.com\/wp-content\/uploads\/2025\/08\/Ice_Swimming_Socks_Black_Front_ICE_PLUNGER-866x1536.jpg",866,1536,true],"2048x2048":["https:\/\/iceplunger.com\/wp-content\/uploads\/2025\/08\/Ice_Swimming_Socks_Black_Front_ICE_PLUNGER.jpg",902,1600,false],"woocommerce_thumbnail":["https:\/\/iceplunger.com\/wp-content\/uploads\/2025\/08\/Ice_Swimming_Socks_Black_Front_ICE_PLUNGER-300x300.jpg",300,300,true],"woocommerce_single":["https:\/\/iceplunger.com\/wp-content\/uploads\/2025\/08\/Ice_Swimming_Socks_Black_Front_ICE_PLUNGER-600x1064.jpg",600,1064,true],"woocommerce_gallery_thumbnail":["https:\/\/iceplunger.com\/wp-content\/uploads\/2025\/08\/Ice_Swimming_Socks_Black_Front_ICE_PLUNGER-100x100.jpg",100,100,true]},"uagb_author_info":{"display_name":"ICE PLUNGER admin","author_link":"https:\/\/iceplunger.com\/da\/author\/"},"uagb_comment_info":1,"uagb_excerpt":"Isbadesokker \u2013 Bygget til hvert skridt Fremstillet i 3 mm neopren med slidst\u00e6rkt nylonfor, et str\u00e6kbart yderlag og en forst\u00e6rket s\u00e5l for godt greb. Designet af isbadere, til isbadere. St\u00f8rrelser XS\u20132XL (EU 36\u201348). V\u00e6lg en st\u00f8rrelse st\u00f8rre, hvis du \u00f8nsker en l\u00f8sere pasform.","jetpack_sharing_enabled":true,"_links":{"self":[{"href":"https:\/\/iceplunger.com\/da\/wp-json\/wp\/v2\/product\/2609","targetHints":{"allow":["GET"]}}],"collection":[{"href":"https:\/\/iceplunger.com\/da\/wp-json\/wp\/v2\/product"}],"about":[{"href":"https:\/\/iceplunger.com\/da\/wp-json\/wp\/v2\/types\/product"}],"replies":[{"embeddable":true,"href":"https:\/\/iceplunger.com\/da\/wp-json\/wp\/v2\/comments?post=2609"}],"wp:featuredmedia":[{"embeddable":true,"href":"https:\/\/iceplunger.com\/da\/wp-json\/wp\/v2\/media\/2467"}],"wp:attachment":[{"href":"https:\/\/iceplunger.com\/da\/wp-json\/wp\/v2\/media?parent=2609"}],"wp:term":[{"taxonomy":"product_brand","embeddable":true,"href":"https:\/\/iceplunger.com\/da\/wp-json\/wp\/v2\/product_brand?post=2609"},{"taxonomy":"product_cat","embeddable":true,"href":"https:\/\/iceplunger.com\/da\/wp-json\/wp\/v2\/product_cat?post=2609"},{"taxonomy":"product_tag","embeddable":true,"href":"https:\/\/iceplunger.com\/da\/wp-json\/wp\/v2\/product_tag?post=2609"}],"curies":[{"name":"wp","href":"https:\/\/api.w.org\/{rel}","templated":true}]}}