{"id":2525,"date":"2025-08-27T12:11:05","date_gmt":"2025-08-27T12:11:05","guid":{"rendered":"https:\/\/iceplunger.com\/product\/eisbadehandschuhe\/"},"modified":"2025-12-09T15:23:39","modified_gmt":"2025-12-09T13:23:39","slug":"eisbadehandschuhe","status":"publish","type":"product","link":"https:\/\/iceplunger.com\/de\/produkt\/eisbadehandschuhe\/","title":{"rendered":"Eisbadehandschuhe"},"content":{"rendered":"<p data-start=\"254\" data-end=\"428\"><strong>Premium-Ausr\u00fcstung f\u00fcrs Eisbaden unter nordischen Winterbedingungen versendet aus Finnland<\/strong><\/p>\n<p>Wir haben diese Handschuhe entwickelt: von Eisbadenden, f\u00fcr Eisbadende. <\/p>\n<p data-start=\"430\" data-end=\"690\">Aus 3 mm Premium-Neopren gefertigt, bieten sie die perfekte Balance \u2013 genug Isolation, um die K\u00e4lte abzumildern, und gleichzeitig flexibel, damit du dich nat\u00fcrlich bewegen kannst. <\/p>\n<p data-start=\"996\" data-end=\"1010\"><strong data-start=\"996\" data-end=\"1008\">Details:<\/strong><\/p>\n<ul data-start=\"1011\" data-end=\"1311\">\n<li data-start=\"1011\" data-end=\"1053\">\n<p data-start=\"1013\" data-end=\"1053\">3 mm Neopren f\u00fcr W\u00e4rme und Beweglichkeit<\/p>\n<\/li>\n<li data-start=\"1054\" data-end=\"1106\">\n<p data-start=\"1056\" data-end=\"1106\">Nylonfutter f\u00fcr Komfort und Haltbarkeit<\/p>\n<\/li>\n<li data-start=\"1107\" data-end=\"1172\">\n<p data-start=\"1109\" data-end=\"1172\">80 % Nylon \/ 20 % Elasthan Au\u00dfenschicht f\u00fcr Stretch und Belastbarkeit<\/p>\n<\/li>\n<li data-start=\"1173\" data-end=\"1230\">\n<p data-start=\"1175\" data-end=\"1230\">Elastischer Handgelenkriemen f\u00fcr sicheren, wasserdichten Sitz<\/p>\n<\/li>\n<li data-start=\"1231\" data-end=\"1279\">\n<p data-start=\"1233\" data-end=\"1279\">Strukturierte Handfl\u00e4che f\u00fcr Halt bei eisigen Bedingungen<\/p>\n<\/li>\n<li data-start=\"1280\" data-end=\"1311\">\n<p data-start=\"1282\" data-end=\"1311\">Gr\u00f6\u00dfen: EU 7\u201312 (XS\u20132XL)<\/p>\n<\/li>\n<\/ul>\n<p data-start=\"1313\" data-end=\"1390\"><strong>Take the plunge. Keep your hands strong. And trust the seal\u2014inside and out.  <\/strong><\/p>\n<div class=\"_tableContainer_sk2ct_1\">\n<div class=\"_tableWrapper_sk2ct_13 group flex w-fit flex-col-reverse\" tabindex=\"-1\">\n<table style=\"height: 334px;\" width=\"614\">\n<thead>\n<tr>\n<th>Label<\/th>\n<th>EU-Gr\u00f6\u00dfe \/ Handfl\u00e4che\/ Handgelenk<\/th>\n<\/tr>\n<\/thead>\n<tbody>\n<tr>\n<td>XS<\/td>\n<td>7 \/ 18,5 cm \/ 14 cm<\/td>\n<\/tr>\n<tr>\n<td>S<\/td>\n<td>8 \/ 19,5 cm \/ 16 cm<\/td>\n<\/tr>\n<tr>\n<td>M<\/td>\n<td>9 \/ 21,5 cm \/ 17 cm<\/td>\n<\/tr>\n<tr>\n<td>L<\/td>\n<td>10 \/ 22 cm \/ 18,5 cm<\/td>\n<\/tr>\n<tr>\n<td>XL<\/td>\n<td>11 \/ 23,5 cm \/ 19,5 cm<\/td>\n<\/tr>\n<tr>\n<td>2XL<\/td>\n<td>12 \/ 24 cm \/ 20 cm<\/td>\n<\/tr>\n<\/tbody>\n<\/table>\n<p><strong style=\"font-size: 16px;\" data-start=\"1025\" data-end=\"1033\">Tipp: <\/strong><span style=\"font-size: 16px;\">Diese Handschuhe sind f\u00fcr eine enge Passform entwickelt, f\u00fcr beste Isolierung und Performance. <\/span><\/p>\n<\/div>\n<\/div>\n<p data-start=\"1022\" data-end=\"1185\">Wenn du es lieber etwas weniger eng magst, empfehlen wir, <strong data-start=\"1167\" data-end=\"1182\">eine Nummer gr\u00f6\u00dfer zu w\u00e4hlen!<\/strong><\/p>\n","protected":false},"excerpt":{"rendered":"<p data-start=\"109\" data-end=\"454\"><strong data-start=\"109\" data-end=\"155\">Eisbadehandschuhe \u2013 Gemacht f\u00fcrs Kalte<\/strong><br \/>\n<br data-start=\"158\" data-end=\"161\">Stay warm without losing flexibility. Made from 3mm neoprene with a durable nylon lining, a stretchy outer layer, and an elastic wrist strap for a secure seal where it matters most. Textured palms give you grip in icy conditions. Designed by cold plungers, for cold plungers.   <\/p>\n<p data-start=\"456\" data-end=\"527\">Gr\u00f6\u00dfentabelle unten f\u00fcr die perfekte Passform!<\/p>\n","protected":false},"featured_media":2474,"comment_status":"open","ping_status":"closed","template":"","meta":{"_uag_custom_page_level_css":"","site-sidebar-layout":"default","site-content-layout":"","ast-site-content-layout":"default","site-content-style":"default","site-sidebar-style":"default","ast-global-header-display":"","ast-banner-title-visibility":"","ast-main-header-display":"","ast-hfb-above-header-display":"","ast-hfb-below-header-display":"","ast-hfb-mobile-header-display":"","site-post-title":"","ast-breadcrumbs-content":"","ast-featured-img":"","footer-sml-layout":"","ast-disable-related-posts":"","theme-transparent-header-meta":"default","adv-header-id-meta":"","stick-header-meta":"","header-above-stick-meta":"","header-main-stick-meta":"","header-below-stick-meta":"","astra-migrate-meta-layouts":"default","ast-page-background-enabled":"default","ast-page-background-meta":{"desktop":{"background-color":"var(--ast-global-color-4)","background-image":"","background-repeat":"repeat","background-position":"center center","background-size":"auto","background-attachment":"scroll","background-type":"","background-media":"","overlay-type":"","overlay-color":"","overlay-opacity":"","overlay-gradient":""},"tablet":{"background-color":"","background-image":"","background-repeat":"repeat","background-position":"center center","background-size":"auto","background-attachment":"scroll","background-type":"","background-media":"","overlay-type":"","overlay-color":"","overlay-opacity":"","overlay-gradient":""},"mobile":{"background-color":"","background-image":"","background-repeat":"repeat","background-position":"center center","background-size":"auto","background-attachment":"scroll","background-type":"","background-media":"","overlay-type":"","overlay-color":"","overlay-opacity":"","overlay-gradient":""}},"ast-content-background-meta":{"desktop":{"background-color":"var(--ast-global-color-5)","background-image":"","background-repeat":"repeat","background-position":"center center","background-size":"auto","background-attachment":"scroll","background-type":"","background-media":"","overlay-type":"","overlay-color":"","overlay-opacity":"","overlay-gradient":""},"tablet":{"background-color":"var(--ast-global-color-5)","background-image":"","background-repeat":"repeat","background-position":"center center","background-size":"auto","background-attachment":"scroll","background-type":"","background-media":"","overlay-type":"","overlay-color":"","overlay-opacity":"","overlay-gradient":""},"mobile":{"background-color":"var(--ast-global-color-5)","background-image":"","background-repeat":"repeat","background-position":"center center","background-size":"auto","background-attachment":"scroll","background-type":"","background-media":"","overlay-type":"","overlay-color":"","overlay-opacity":"","overlay-gradient":""}}},"product_brand":[],"product_cat":[69],"product_tag":[128,143,131,152,135,149,137,153],"class_list":{"0":"post-2525","1":"product","2":"type-product","3":"status-publish","4":"has-post-thumbnail","6":"product_cat-ice_swimming_gloves","7":"product_tag-cold-plunge-gloves","8":"product_tag-iceplunger","9":"product_tag-cold-therapy-gear","10":"product_tag-ice-swimming-gloves","11":"product_tag-ice-bath-gloves","12":"product_tag-neoprene-cold-plunge-gloves","13":"product_tag-nordic-cold-plunge","14":"product_tag-athlete-recovery-gloves","15":"desktop-align-left","16":"tablet-align-left","17":"mobile-align-left","18":"ast-product-gallery-layout-horizontal-slider","19":"ast-product-single-variable","20":"ast-product-tabs-layout-horizontal","22":"first","23":"instock","24":"taxable","25":"shipping-taxable","26":"purchasable","27":"product-type-variable"},"spectra_custom_meta":{"rank_math_internal_links_processed":["1"],"wp_statistics_words_count":["206"],"_alp_processed":["1764263154"],"_wcml_average_rating":["5.00"],"_wcml_review_count":["1"],"_wcml_rating_count":["a:1:{i:5;i:1;}"],"rank_math_primary_product_cat":["69"],"_backorders":["no"],"_download_limit":["-1"],"_download_expiry":["-1"],"_downloadable":["no"],"_manage_stock":["no"],"_stock_status":["instock"],"_sold_individually":["no"],"_tax_class":[""],"_tax_status":["taxable"],"_virtual":["no"],"total_sales":["4"],"site-sidebar-layout":["default"],"theme-transparent-header-meta":["default"],"ast-site-content-layout":["default"],"site-content-style":["default"],"site-sidebar-style":["default"],"_top_nav_excluded":[""],"_cms_nav_minihome":[""],"_thumbnail_id":["2474"],"_product_attributes":["a:2:{s:14:\"pa_size_gloves\";a:6:{s:4:\"name\";s:14:\"pa_size_gloves\";s:5:\"value\";s:0:\"\";s:8:\"position\";i:0;s:10:\"is_visible\";i:1;s:12:\"is_variation\";i:1;s:11:\"is_taxonomy\";i:1;}s:8:\"pa_color\";a:6:{s:4:\"name\";s:8:\"pa_color\";s:5:\"value\";s:0:\"\";s:8:\"position\";i:1;s:10:\"is_visible\";i:1;s:12:\"is_variation\";i:1;s:11:\"is_taxonomy\";i:1;}}"],"_last_translation_edit_mode":["translation-editor"],"_wpml_word_count":["244"],"_product_image_gallery":["2474,2526,2527,2528"],"_wc_facebook_sync_enabled":["yes"],"fb_visibility":["yes"],"_wc_facebook_sync_enabled_v2":["yes"],"litespeed_vpi_list_mobile":["a:2:{i:0;s:33:\"cropped-IcePlunger_logo-75x72.png\";i:1;s:56:\"Ice_Swimming_Gloves_White_Front_ICE_PLUNGER-600x1064.jpg\";}"],"_stock":[null],"_wc_average_rating":["5.00"],"_wc_gla_sync_status":["pending"],"_product_version":["10.3.6"],"rank_math_title":["Eisbadehandschuhe | Versand aus Finnland"],"rank_math_description":["Neopren Eisbadehandschuhe mit Grip und W\u00e4rme. Flexibel, warm und entwickelt f\u00fcrs Eisbaden. Von Eisbadern \u2013 f\u00fcr Eisbader.  "],"rank_math_focus_keyword":["eisbadehandschuhe Eisbadehandschuhe Kaltbadehandschuhe Neoprenhandschuhe Eisbaden Winterbadehandschuhe Kaltwasserhandschuhe Handschuhe f\u00fcrs Eisbaden Eisbaden Ausr\u00fcstung Neoprenhandschuhe Winterbaden Thermohandschuhe Kaltbaden Eisbadehandschuhe kaufen"],"_crosssell_ids":["a:1:{i:0;i:2198;}"],"_upsell_ids":["a:1:{i:0;i:2579;}"],"_price":["29.95"],"_weight":["0.2"],"_width":["23.5"],"_height":["8"],"_length":["23.5"],"_uag_css_file_name":["uag-css-2525.css"],"_uag_page_assets":["a:9:{s:3:\"css\";s:2044:\".uag-blocks-common-selector{z-index:var(--z-index-desktop) !important}@media(max-width: 976px){.uag-blocks-common-selector{z-index:var(--z-index-tablet) !important}}@media(max-width: 767px){.uag-blocks-common-selector{z-index:var(--z-index-mobile) !important}}.wp-block-uagb-advanced-heading h1,.wp-block-uagb-advanced-heading h2,.wp-block-uagb-advanced-heading h3,.wp-block-uagb-advanced-heading h4,.wp-block-uagb-advanced-heading h5,.wp-block-uagb-advanced-heading h6,.wp-block-uagb-advanced-heading p,.wp-block-uagb-advanced-heading div{word-break:break-word}.wp-block-uagb-advanced-heading .uagb-heading-text{margin:0}.wp-block-uagb-advanced-heading .uagb-desc-text{margin:0}.wp-block-uagb-advanced-heading .uagb-separator{font-size:0;border-top-style:solid;display:inline-block;margin:0 0 10px 0}.wp-block-uagb-advanced-heading .uagb-highlight{color:#f78a0c;border:0;transition:all .3s ease}.uag-highlight-toolbar{border-left:0;border-top:0;border-bottom:0;border-radius:0;border-right-color:#1e1e1e}.uag-highlight-toolbar .components-button{border-radius:0;outline:none}.uag-highlight-toolbar .components-button.is-primary{color:#fff}.wp-block-uagb-advanced-heading.uagb-block-23f03ea9.wp-block-uagb-advanced-heading {text-align: center;}.wp-block-uagb-advanced-heading.uagb-block-23f03ea9.wp-block-uagb-advanced-heading .uagb-desc-text{margin-bottom: 15px;}.wp-block-uagb-advanced-heading.uagb-block-23f03ea9.wp-block-uagb-advanced-heading .uagb-highlight{font-style: normal;font-weight: Default;background: #007cba;color: #fff;-webkit-text-fill-color: #fff;}.wp-block-uagb-advanced-heading.uagb-block-23f03ea9.wp-block-uagb-advanced-heading .uagb-highlight::-moz-selection{color: #fff;background: #007cba;-webkit-text-fill-color: #fff;}.wp-block-uagb-advanced-heading.uagb-block-23f03ea9.wp-block-uagb-advanced-heading .uagb-highlight::selection{color: #fff;background: #007cba;-webkit-text-fill-color: #fff;}.wp-block-uagb-advanced-heading.uagb-block-23f03ea9 .uagb-heading-text{font-size: 15px;line-height: 1.9em;letter-spacing: 1px;}\";s:2:\"js\";s:0:\"\";s:18:\"current_block_list\";a:12:{i:0;s:11:\"core\/search\";i:1;s:10:\"core\/group\";i:2;s:12:\"core\/heading\";i:3;s:17:\"core\/latest-posts\";i:4;s:20:\"core\/latest-comments\";i:5;s:13:\"core\/archives\";i:6;s:15:\"core\/categories\";i:7;s:10:\"core\/image\";i:8;s:21:\"uagb\/advanced-heading\";i:9;s:17:\"core\/social-links\";i:10;s:16:\"core\/social-link\";i:11;s:14:\"core\/paragraph\";}s:8:\"uag_flag\";b:1;s:11:\"uag_version\";s:10:\"1777640190\";s:6:\"gfonts\";a:0:{}s:10:\"gfonts_url\";s:0:\"\";s:12:\"gfonts_files\";a:0:{}s:14:\"uag_faq_layout\";b:0;}"],"_max_variation_price":[""],"_max_variation_regular_price":[""],"_max_variation_sale_price":[""],"_min_variation_price":[""],"_min_variation_regular_price":[""],"_min_variation_sale_price":[""],"_regular_price":[""],"_sale_price":[""],"_wc_rating_count":[{"5":1}],"_wc_review_count":["1"]},"uagb_featured_image_src":{"full":["https:\/\/iceplunger.com\/wp-content\/uploads\/2025\/08\/Ice_Swimming_Gloves_White_Front_ICE_PLUNGER.jpg",902,1600,false],"thumbnail":["https:\/\/iceplunger.com\/wp-content\/uploads\/2025\/08\/Ice_Swimming_Gloves_White_Front_ICE_PLUNGER-150x150.jpg",150,150,true],"medium":["https:\/\/iceplunger.com\/wp-content\/uploads\/2025\/08\/Ice_Swimming_Gloves_White_Front_ICE_PLUNGER-169x300.jpg",169,300,true],"medium_large":["https:\/\/iceplunger.com\/wp-content\/uploads\/2025\/08\/Ice_Swimming_Gloves_White_Front_ICE_PLUNGER-768x1362.jpg",768,1362,true],"large":["https:\/\/iceplunger.com\/wp-content\/uploads\/2025\/08\/Ice_Swimming_Gloves_White_Front_ICE_PLUNGER-577x1024.jpg",577,1024,true],"1536x1536":["https:\/\/iceplunger.com\/wp-content\/uploads\/2025\/08\/Ice_Swimming_Gloves_White_Front_ICE_PLUNGER-866x1536.jpg",866,1536,true],"2048x2048":["https:\/\/iceplunger.com\/wp-content\/uploads\/2025\/08\/Ice_Swimming_Gloves_White_Front_ICE_PLUNGER.jpg",902,1600,false],"woocommerce_thumbnail":["https:\/\/iceplunger.com\/wp-content\/uploads\/2025\/08\/Ice_Swimming_Gloves_White_Front_ICE_PLUNGER-300x300.jpg",300,300,true],"woocommerce_single":["https:\/\/iceplunger.com\/wp-content\/uploads\/2025\/08\/Ice_Swimming_Gloves_White_Front_ICE_PLUNGER-600x1064.jpg",600,1064,true],"woocommerce_gallery_thumbnail":["https:\/\/iceplunger.com\/wp-content\/uploads\/2025\/08\/Ice_Swimming_Gloves_White_Front_ICE_PLUNGER-100x100.jpg",100,100,true]},"uagb_author_info":{"display_name":"ICE PLUNGER admin","author_link":"https:\/\/iceplunger.com\/de\/author\/"},"uagb_comment_info":1,"uagb_excerpt":"Eisbadehandschuhe \u2013 Gemacht f\u00fcrs Kalte Stay warm without losing flexibility. Made from 3mm neoprene with a durable nylon lining, a stretchy outer layer, and an elastic wrist strap for a secure seal where it matters most. Textured palms give you grip in icy conditions. Designed by cold plungers, for cold plungers. Gr\u00f6\u00dfentabelle unten f\u00fcr die&hellip;","jetpack_sharing_enabled":true,"_links":{"self":[{"href":"https:\/\/iceplunger.com\/de\/wp-json\/wp\/v2\/product\/2525","targetHints":{"allow":["GET"]}}],"collection":[{"href":"https:\/\/iceplunger.com\/de\/wp-json\/wp\/v2\/product"}],"about":[{"href":"https:\/\/iceplunger.com\/de\/wp-json\/wp\/v2\/types\/product"}],"replies":[{"embeddable":true,"href":"https:\/\/iceplunger.com\/de\/wp-json\/wp\/v2\/comments?post=2525"}],"wp:featuredmedia":[{"embeddable":true,"href":"https:\/\/iceplunger.com\/de\/wp-json\/wp\/v2\/media\/2474"}],"wp:attachment":[{"href":"https:\/\/iceplunger.com\/de\/wp-json\/wp\/v2\/media?parent=2525"}],"wp:term":[{"taxonomy":"product_brand","embeddable":true,"href":"https:\/\/iceplunger.com\/de\/wp-json\/wp\/v2\/product_brand?post=2525"},{"taxonomy":"product_cat","embeddable":true,"href":"https:\/\/iceplunger.com\/de\/wp-json\/wp\/v2\/product_cat?post=2525"},{"taxonomy":"product_tag","embeddable":true,"href":"https:\/\/iceplunger.com\/de\/wp-json\/wp\/v2\/product_tag?post=2525"}],"curies":[{"name":"wp","href":"https:\/\/api.w.org\/{rel}","templated":true}]}}