{"id":2594,"date":"2025-08-27T12:25:07","date_gmt":"2025-08-27T12:25:07","guid":{"rendered":"https:\/\/iceplunger.com\/product\/avantosukat\/"},"modified":"2025-11-10T15:12:50","modified_gmt":"2025-11-10T13:12:50","slug":"avantosukat","status":"publish","type":"product","link":"https:\/\/iceplunger.com\/fi\/tuote\/avantosukat\/","title":{"rendered":"Avantosukat"},"content":{"rendered":"<p data-start=\"272\" data-end=\"466\"><strong>Avantosukat \u2013 Suunniteltu avantouimareilta, avantouimareille<\/strong><\/p>\n<p data-start=\"272\" data-end=\"466\">Avantokokemus alkaa varpaista. Kylm\u00e4 vesi turruttaa nopeasti varpaat. Kun jalat puutuvat, koko kokemus k\u00e4rsii. Siksi teimme n\u00e4m\u00e4 sukat: avantouimareilta, avantouimareille.  <\/p>\n<p data-start=\"798\" data-end=\"980\">Sukkien kuvioitu pohja parantaa pitoa liukkailla kivill\u00e4, j\u00e4\u00e4ll\u00e4 ja uimapaikkojen m\u00e4rill\u00e4 reunoilla. N\u00e4iss\u00e4 sukissa on kaikki olennainen mit\u00e4 jalkasi tarvitsevat onnistuneeseen kylm\u00e4uintikokemukseen <\/p>\n<p data-start=\"982\" data-end=\"996\"><strong>Yksityiskohdat:<\/strong><\/p>\n<ul data-start=\"997\" data-end=\"1259\">\n<li data-start=\"997\" data-end=\"1041\">\n<p data-start=\"999\" data-end=\"1041\">3 mm neopreeni l\u00e4mp\u00f6\u00f6n ja liikkuvuuteen<\/p>\n<\/li>\n<li data-start=\"1042\" data-end=\"1100\">\n<p data-start=\"1044\" data-end=\"1100\">nailon sis\u00e4vuori kest\u00e4vyyteen ja mukavuuteen<\/p>\n<\/li>\n<li data-start=\"1101\" data-end=\"1166\">\n<p data-start=\"1103\" data-end=\"1166\">80 % nailon \/ 20 % elastaani ulkokerros joustavuuteen ja kest\u00e4vyyteen<\/p>\n<\/li>\n<li data-start=\"1167\" data-end=\"1226\">\n<p data-start=\"1169\" data-end=\"1226\">Vahvistettu kuvioitu pohja parantamaan pitoa j\u00e4isiss\u00e4 oloissa<\/p>\n<\/li>\n<li data-start=\"1227\" data-end=\"1259\">\n<p data-start=\"1229\" data-end=\"1259\">Koot: EU 35\u201348 (XS\u20132XL)<\/p>\n<\/li>\n<\/ul>\n<p data-start=\"1261\" data-end=\"1325\"><strong>K\u00e4y avantoon ja pid\u00e4 jalat vahvoina.<\/strong><\/p>\n<table>\n<thead>\n<tr>\n<th>Koko<\/th>\n<th>EU Koko (Sukat)<\/th>\n<\/tr>\n<\/thead>\n<tbody>\n<tr>\n<td>XS<\/td>\n<td>35\u201337<\/td>\n<\/tr>\n<tr>\n<td>S<\/td>\n<td>38\u201340<\/td>\n<\/tr>\n<tr>\n<td>M<\/td>\n<td>41\u201342<\/td>\n<\/tr>\n<tr>\n<td>L<\/td>\n<td>43\u201344<\/td>\n<\/tr>\n<tr>\n<td>XL<\/td>\n<td>45\u201346<\/td>\n<\/tr>\n<tr>\n<td>2XL<\/td>\n<td>47\u201348<\/td>\n<\/tr>\n<\/tbody>\n<\/table>\n<p data-start=\"823\" data-end=\"940\"><strong data-start=\"826\" data-end=\"834\">Vinkki:<\/strong> Sukat on suunniteltu istumaan tiukasti eristyksen vuoksi. Jos et pid\u00e4 tiukasta istuvuudesta, valitse <strong data-start=\"922\" data-end=\"937\">yht\u00e4 kokoa suurempi!<\/strong> <\/p>\n","protected":false},"excerpt":{"rendered":"<p data-start=\"1364\" data-end=\"1599\"><strong data-start=\"1364\" data-end=\"1422\">Avantousukat \u2013 A Seal of Approval for Every Step<\/strong> \ud83e\uddad<br \/>\n<br data-start=\"1425\" data-end=\"1428\">Valmistettu 3 mm neopreenista, jossa kest\u00e4v\u00e4 nailonvuori, joustava ulkokerros ja vahvistettu pohja pitoa varten. Suunniteltu avantouimareilta, avantouimareille. <\/p>\n<p data-start=\"1364\" data-end=\"1599\">Koot XS\u20132XL (EU 36\u201348). Valitse yht\u00e4 kokoa suurempi, jos haluat v\u00e4ljemm\u00e4n istuvuuden. <\/p>\n","protected":false},"featured_media":2468,"comment_status":"open","ping_status":"closed","template":"","meta":{"_uag_custom_page_level_css":"","site-sidebar-layout":"default","site-content-layout":"","ast-site-content-layout":"default","site-content-style":"default","site-sidebar-style":"default","ast-global-header-display":"","ast-banner-title-visibility":"","ast-main-header-display":"","ast-hfb-above-header-display":"","ast-hfb-below-header-display":"","ast-hfb-mobile-header-display":"","site-post-title":"","ast-breadcrumbs-content":"","ast-featured-img":"","footer-sml-layout":"","ast-disable-related-posts":"","theme-transparent-header-meta":"default","adv-header-id-meta":"","stick-header-meta":"","header-above-stick-meta":"","header-main-stick-meta":"","header-below-stick-meta":"","astra-migrate-meta-layouts":"default","ast-page-background-enabled":"default","ast-page-background-meta":{"desktop":{"background-color":"var(--ast-global-color-4)","background-image":"","background-repeat":"repeat","background-position":"center center","background-size":"auto","background-attachment":"scroll","background-type":"","background-media":"","overlay-type":"","overlay-color":"","overlay-opacity":"","overlay-gradient":""},"tablet":{"background-color":"","background-image":"","background-repeat":"repeat","background-position":"center center","background-size":"auto","background-attachment":"scroll","background-type":"","background-media":"","overlay-type":"","overlay-color":"","overlay-opacity":"","overlay-gradient":""},"mobile":{"background-color":"","background-image":"","background-repeat":"repeat","background-position":"center center","background-size":"auto","background-attachment":"scroll","background-type":"","background-media":"","overlay-type":"","overlay-color":"","overlay-opacity":"","overlay-gradient":""}},"ast-content-background-meta":{"desktop":{"background-color":"var(--ast-global-color-5)","background-image":"","background-repeat":"repeat","background-position":"center center","background-size":"auto","background-attachment":"scroll","background-type":"","background-media":"","overlay-type":"","overlay-color":"","overlay-opacity":"","overlay-gradient":""},"tablet":{"background-color":"var(--ast-global-color-5)","background-image":"","background-repeat":"repeat","background-position":"center center","background-size":"auto","background-attachment":"scroll","background-type":"","background-media":"","overlay-type":"","overlay-color":"","overlay-opacity":"","overlay-gradient":""},"mobile":{"background-color":"var(--ast-global-color-5)","background-image":"","background-repeat":"repeat","background-position":"center center","background-size":"auto","background-attachment":"scroll","background-type":"","background-media":"","overlay-type":"","overlay-color":"","overlay-opacity":"","overlay-gradient":""}}},"product_brand":[],"product_cat":[172],"product_tag":[330,183,245,331,185,333,179,332],"class_list":{"0":"post-2594","1":"product","2":"type-product","3":"status-publish","4":"has-post-thumbnail","6":"product_cat-avantosukat","7":"product_tag-avantousukat","8":"product_tag-iceplunger","9":"product_tag-kylmaterapia-varusteet","10":"product_tag-kylmauintisukat","11":"product_tag-neopreeniset-avantosukat","12":"product_tag-nopeuttaa-palautumista","13":"product_tag-pohjoismainen-kylmauinti","14":"product_tag-talviuintisukat","15":"desktop-align-left","16":"tablet-align-left","17":"mobile-align-left","18":"ast-product-gallery-layout-horizontal-slider","19":"ast-product-single-variable","20":"ast-product-tabs-layout-horizontal","22":"first","23":"instock","24":"taxable","25":"shipping-taxable","26":"purchasable","27":"product-type-variable"},"spectra_custom_meta":{"rank_math_internal_links_processed":["1"],"wp_statistics_words_count":["140"],"_alp_processed":["1762780371"],"rank_math_primary_product_cat":["70"],"_backorders":["no"],"_download_limit":["-1"],"_download_expiry":["-1"],"_downloadable":["no"],"_manage_stock":["no"],"_stock_status":["instock"],"_sold_individually":["no"],"_tax_class":[""],"_tax_status":["taxable"],"_virtual":["no"],"total_sales":["4"],"site-sidebar-layout":["default"],"theme-transparent-header-meta":["default"],"ast-site-content-layout":["default"],"site-content-style":["default"],"site-sidebar-style":["default"],"_top_nav_excluded":[""],"_cms_nav_minihome":[""],"_thumbnail_id":["2468"],"_product_attributes":["a:2:{s:13:\"pa_size_socks\";a:6:{s:4:\"name\";s:13:\"pa_size_socks\";s:5:\"value\";s:0:\"\";s:8:\"position\";i:0;s:10:\"is_visible\";i:1;s:12:\"is_variation\";i:1;s:11:\"is_taxonomy\";i:1;}s:8:\"pa_color\";a:6:{s:4:\"name\";s:8:\"pa_color\";s:5:\"value\";s:0:\"\";s:8:\"position\";i:1;s:10:\"is_visible\";i:1;s:12:\"is_variation\";i:1;s:11:\"is_taxonomy\";i:1;}}"],"_last_translation_edit_mode":["translation-editor"],"_wpml_word_count":["219"],"_product_image_gallery":["2468,2547,2595,2596"],"_wc_facebook_sync_enabled":["yes"],"fb_visibility":["yes"],"_wc_facebook_sync_enabled_v2":["yes"],"litespeed_vpi_list_mobile":["a:2:{i:0;s:33:\"cropped-IcePlunger_logo-75x72.png\";i:1;s:55:\"Ice_Swimming_Socks_Black_Front_ICE_PLUNGER-600x1064.jpg\";}"],"_stock":[null],"_wc_average_rating":["5.00"],"_wc_review_count":["1"],"_wc_gla_notification_status":["created"],"_wc_gla_sync_status":["synced"],"_wcml_average_rating":["5.00"],"_wcml_review_count":["1"],"_wcml_rating_count":["a:1:{i:5;i:1;}"],"_wc_gla_synced_at":["1759166765"],"_wc_gla_visibility":["sync-and-show"],"_price":["24.95"],"rank_math_title":["Avantosukat | suomalainen avantokauppa"],"rank_math_description":["Neopreeniset avantosukat, jotka parantavat pitoa matkalla avantoon ja erist\u00e4v\u00e4t kylm\u00e4\u00e4. Pid\u00e4 jalat l\u00e4mpimin\u00e4 ja vakaina j\u00e4isess\u00e4 vedess\u00e4. Suunniteltu avantouimareilta, avantouimareille.  "],"rank_math_focus_keyword":["avantosukat avantokauppa suomalainen"],"_weight":["0.2"],"_width":["23.5"],"_height":["8"],"_length":["23.5"],"_product_version":["10.3.6"],"_uag_css_file_name":["uag-css-2594.css"],"_uag_page_assets":["a:9:{s:3:\"css\";s:1784:\".wp-block-uagb-advanced-heading h1,.wp-block-uagb-advanced-heading h2,.wp-block-uagb-advanced-heading h3,.wp-block-uagb-advanced-heading h4,.wp-block-uagb-advanced-heading h5,.wp-block-uagb-advanced-heading h6,.wp-block-uagb-advanced-heading p,.wp-block-uagb-advanced-heading div{word-break:break-word}.wp-block-uagb-advanced-heading .uagb-heading-text{margin:0}.wp-block-uagb-advanced-heading .uagb-desc-text{margin:0}.wp-block-uagb-advanced-heading .uagb-separator{font-size:0;border-top-style:solid;display:inline-block;margin:0 0 10px 0}.wp-block-uagb-advanced-heading .uagb-highlight{color:#f78a0c;border:0;transition:all .3s ease}.uag-highlight-toolbar{border-left:0;border-top:0;border-bottom:0;border-radius:0;border-right-color:#1e1e1e}.uag-highlight-toolbar .components-button{border-radius:0;outline:none}.uag-highlight-toolbar .components-button.is-primary{color:#fff}.wp-block-uagb-advanced-heading.uagb-block-23f03ea9.wp-block-uagb-advanced-heading {text-align: center;}.wp-block-uagb-advanced-heading.uagb-block-23f03ea9.wp-block-uagb-advanced-heading .uagb-desc-text{margin-bottom: 15px;}.wp-block-uagb-advanced-heading.uagb-block-23f03ea9.wp-block-uagb-advanced-heading .uagb-highlight{font-style: normal;font-weight: Default;background: #007cba;color: #fff;-webkit-text-fill-color: #fff;}.wp-block-uagb-advanced-heading.uagb-block-23f03ea9.wp-block-uagb-advanced-heading .uagb-highlight::-moz-selection{color: #fff;background: #007cba;-webkit-text-fill-color: #fff;}.wp-block-uagb-advanced-heading.uagb-block-23f03ea9.wp-block-uagb-advanced-heading .uagb-highlight::selection{color: #fff;background: #007cba;-webkit-text-fill-color: #fff;}.wp-block-uagb-advanced-heading.uagb-block-23f03ea9 .uagb-heading-text{font-size: 15px;line-height: 1.9em;letter-spacing: 1px;}\";s:2:\"js\";s:0:\"\";s:18:\"current_block_list\";a:12:{i:0;s:11:\"core\/search\";i:1;s:10:\"core\/group\";i:2;s:12:\"core\/heading\";i:3;s:17:\"core\/latest-posts\";i:4;s:20:\"core\/latest-comments\";i:5;s:13:\"core\/archives\";i:6;s:15:\"core\/categories\";i:7;s:10:\"core\/image\";i:8;s:21:\"uagb\/advanced-heading\";i:9;s:17:\"core\/social-links\";i:10;s:16:\"core\/social-link\";i:11;s:14:\"core\/paragraph\";}s:8:\"uag_flag\";b:1;s:11:\"uag_version\";s:10:\"1777640190\";s:6:\"gfonts\";a:0:{}s:10:\"gfonts_url\";s:0:\"\";s:12:\"gfonts_files\";a:0:{}s:14:\"uag_faq_layout\";b:0;}"],"_max_variation_price":[""],"_max_variation_regular_price":[""],"_max_variation_sale_price":[""],"_min_variation_price":[""],"_min_variation_regular_price":[""],"_min_variation_sale_price":[""],"_regular_price":[""],"_sale_price":[""],"_wc_rating_count":[{"5":1}]},"uagb_featured_image_src":{"full":["https:\/\/iceplunger.com\/wp-content\/uploads\/2025\/08\/Ice_Swimming_Socks_Black_Front_ICE_PLUNGER.jpg",902,1600,false],"thumbnail":["https:\/\/iceplunger.com\/wp-content\/uploads\/2025\/08\/Ice_Swimming_Socks_Black_Front_ICE_PLUNGER-150x150.jpg",150,150,true],"medium":["https:\/\/iceplunger.com\/wp-content\/uploads\/2025\/08\/Ice_Swimming_Socks_Black_Front_ICE_PLUNGER-169x300.jpg",169,300,true],"medium_large":["https:\/\/iceplunger.com\/wp-content\/uploads\/2025\/08\/Ice_Swimming_Socks_Black_Front_ICE_PLUNGER-768x1362.jpg",768,1362,true],"large":["https:\/\/iceplunger.com\/wp-content\/uploads\/2025\/08\/Ice_Swimming_Socks_Black_Front_ICE_PLUNGER-577x1024.jpg",577,1024,true],"1536x1536":["https:\/\/iceplunger.com\/wp-content\/uploads\/2025\/08\/Ice_Swimming_Socks_Black_Front_ICE_PLUNGER-866x1536.jpg",866,1536,true],"2048x2048":["https:\/\/iceplunger.com\/wp-content\/uploads\/2025\/08\/Ice_Swimming_Socks_Black_Front_ICE_PLUNGER.jpg",902,1600,false],"woocommerce_thumbnail":["https:\/\/iceplunger.com\/wp-content\/uploads\/2025\/08\/Ice_Swimming_Socks_Black_Front_ICE_PLUNGER-300x300.jpg",300,300,true],"woocommerce_single":["https:\/\/iceplunger.com\/wp-content\/uploads\/2025\/08\/Ice_Swimming_Socks_Black_Front_ICE_PLUNGER-600x1064.jpg",600,1064,true],"woocommerce_gallery_thumbnail":["https:\/\/iceplunger.com\/wp-content\/uploads\/2025\/08\/Ice_Swimming_Socks_Black_Front_ICE_PLUNGER-100x100.jpg",100,100,true]},"uagb_author_info":{"display_name":"ICE PLUNGER admin","author_link":"https:\/\/iceplunger.com\/fi\/author\/"},"uagb_comment_info":1,"uagb_excerpt":"Avantousukat \u2013 A Seal of Approval for Every Step \ud83e\uddad Valmistettu 3 mm neopreenista, jossa kest\u00e4v\u00e4 nailonvuori, joustava ulkokerros ja vahvistettu pohja pitoa varten. Suunniteltu avantouimareilta, avantouimareille. Koot XS\u20132XL (EU 36\u201348). Valitse yht\u00e4 kokoa suurempi, jos haluat v\u00e4ljemm\u00e4n istuvuuden.","jetpack_sharing_enabled":true,"_links":{"self":[{"href":"https:\/\/iceplunger.com\/fi\/wp-json\/wp\/v2\/product\/2594","targetHints":{"allow":["GET"]}}],"collection":[{"href":"https:\/\/iceplunger.com\/fi\/wp-json\/wp\/v2\/product"}],"about":[{"href":"https:\/\/iceplunger.com\/fi\/wp-json\/wp\/v2\/types\/product"}],"replies":[{"embeddable":true,"href":"https:\/\/iceplunger.com\/fi\/wp-json\/wp\/v2\/comments?post=2594"}],"wp:featuredmedia":[{"embeddable":true,"href":"https:\/\/iceplunger.com\/fi\/wp-json\/wp\/v2\/media\/2468"}],"wp:attachment":[{"href":"https:\/\/iceplunger.com\/fi\/wp-json\/wp\/v2\/media?parent=2594"}],"wp:term":[{"taxonomy":"product_brand","embeddable":true,"href":"https:\/\/iceplunger.com\/fi\/wp-json\/wp\/v2\/product_brand?post=2594"},{"taxonomy":"product_cat","embeddable":true,"href":"https:\/\/iceplunger.com\/fi\/wp-json\/wp\/v2\/product_cat?post=2594"},{"taxonomy":"product_tag","embeddable":true,"href":"https:\/\/iceplunger.com\/fi\/wp-json\/wp\/v2\/product_tag?post=2594"}],"curies":[{"name":"wp","href":"https:\/\/api.w.org\/{rel}","templated":true}]}}