{"id":2797,"date":"2025-09-16T02:35:17","date_gmt":"2025-09-15T23:35:17","guid":{"rendered":"https:\/\/iceplunger.com\/?post_type=product&#038;p=2797"},"modified":"2025-11-27T19:28:21","modified_gmt":"2025-11-27T17:28:21","slug":"musta-ja-valkoinen-avantovarustesetti","status":"publish","type":"product","link":"https:\/\/iceplunger.com\/fi\/tuote\/musta-ja-valkoinen-avantovarustesetti\/","title":{"rendered":"Musta ja valkoinen avantovarustesetti"},"content":{"rendered":"<p data-start=\"473\" data-end=\"758\">Tupla varustus, tupla avantokokemus. T\u00e4m\u00e4 avantovarustesetti sis\u00e4lt\u00e4\u00e4 kahdet avantohanskat, kahdet avantosukat ja yhden kangaskassin.  <\/p>\n<ul data-start=\"760\" data-end=\"1191\">\n<li data-start=\"760\" data-end=\"906\">\n<p data-start=\"762\" data-end=\"906\"><strong data-start=\"762\" data-end=\"772\">2 x Hanskat<\/strong>: 3 mm neopreeni l\u00e4mm\u00f6neristys, kuvioidut k\u00e4mmenet hyv\u00e4\u00e4n otteeseen ja tiivis rannesulku. Suojaa k\u00e4det j\u00e4\u00e4n kylmyydelt\u00e4 ja s\u00e4ilytt\u00e4\u00e4 liikkuvuuden. <\/p>\n<\/li>\n<li data-start=\"907\" data-end=\"1053\">\n<p data-start=\"909\" data-end=\"1053\"><strong data-start=\"909\" data-end=\"918\">2 x Sukat<\/strong>: 3 mm neopreenieristys vahvistetuilla kuvioiduilla pohjilla, jotka antavat pitoa kivill\u00e4, j\u00e4\u00e4ll\u00e4 ja liukkailla reunoilla. Pit\u00e4\u00e4 jalat vakaina ja vahvoina. <\/p>\n<\/li>\n<li data-start=\"1054\" data-end=\"1191\">\n<p data-start=\"1056\" data-end=\"1191\"><strong data-start=\"1056\" data-end=\"1068\">1 x Kangaskassi<\/strong>: Kest\u00e4v\u00e4 100 % puuvillainen kantokassi ICE PLUNGER-logolla. Sopii m\u00e4rille pyyhkeille, vaihtovaatteille tai arjen tavaroille. <\/p>\n<\/li>\n<\/ul>\n<p data-start=\"1193\" data-end=\"1339\">Tilaatpa yhdess\u00e4 avantokaverin kanssa tai hankit itsellesi, t\u00e4m\u00e4 paketti varmistaa, ett\u00e4 sinulla on kaikki tarpeellinen avantouintiin.<\/p>\n<p data-start=\"1341\" data-end=\"1380\">Hypp\u00e4\u00e4 avantoon. Jaa rituaali. <\/p>\n<hr data-start=\"1382\" data-end=\"1385\">\n<h3 data-start=\"1387\" data-end=\"1405\">Kokotaulukko<\/h3>\n<table style=\"height: 347px;\" width=\"1115\">\n<thead>\n<tr>\n<th>Koko<\/th>\n<th>EU koko \/ k\u00e4mmen \/ ranne (hanskat)<\/th>\n<th>EU koko (sukat)<\/th>\n<\/tr>\n<\/thead>\n<tbody>\n<tr>\n<td>XS<\/td>\n<td>7 \/ 18,5 cm \/ 14 cm<\/td>\n<td>35\u201337<\/td>\n<\/tr>\n<tr>\n<td>S<\/td>\n<td>8 \/ 19,5 cm \/ 16 cm<\/td>\n<td>38\u201340<\/td>\n<\/tr>\n<tr>\n<td>M<\/td>\n<td>9 \/ 21,5 cm \/ 17 cm<\/td>\n<td>41\u201342<\/td>\n<\/tr>\n<tr>\n<td>L<\/td>\n<td>10 \/ 22 cm \/ 18,5 cm<\/td>\n<td>43\u201344<\/td>\n<\/tr>\n<tr>\n<td>XL<\/td>\n<td>11 \/ 23,5 cm \/ 19,5 cm<\/td>\n<td>45\u201346<\/td>\n<\/tr>\n<tr>\n<td>2XL<\/td>\n<td>12 \/ 24 cm \/ 20 cm<\/td>\n<td>47\u201348<\/td>\n<\/tr>\n<\/tbody>\n<\/table>\n<p data-start=\"1732\" data-end=\"1857\"><strong data-start=\"1735\" data-end=\"1743\">Huom:<\/strong> Hanskat ja sukat on suunniteltu istumaan napakasti parhaan l\u00e4mm\u00f6neristyksen ja toimivuuden takaamiseksi. Jos haluat v\u00e4ljemm\u00e4n istuvuuden, valitse yht\u00e4 kokoa suurempi. <\/p>\n<p data-start=\"2223\" data-end=\"2326\">\n","protected":false},"excerpt":{"rendered":"<p><strong>Tupla varustus, tupla avantokokemus.<\/strong><br data-start=\"2424\" data-end=\"2427\">T\u00e4m\u00e4 paketti sis\u00e4lt\u00e4\u00e4 kaksi paria neopreenihanskoja, kaksi paria neopreenisukkia ja yhden kangaskassin.  Tarkista sinulle sopiva koko alla olevasta kokotaulukosta!<\/p>\n","protected":false},"featured_media":2457,"comment_status":"open","ping_status":"closed","template":"","meta":{"_uag_custom_page_level_css":"","site-sidebar-layout":"default","site-content-layout":"","ast-site-content-layout":"default","site-content-style":"default","site-sidebar-style":"default","ast-global-header-display":"","ast-banner-title-visibility":"","ast-main-header-display":"","ast-hfb-above-header-display":"","ast-hfb-below-header-display":"","ast-hfb-mobile-header-display":"","site-post-title":"","ast-breadcrumbs-content":"","ast-featured-img":"","footer-sml-layout":"","ast-disable-related-posts":"","theme-transparent-header-meta":"default","adv-header-id-meta":"","stick-header-meta":"","header-above-stick-meta":"","header-main-stick-meta":"","header-below-stick-meta":"","astra-migrate-meta-layouts":"set","ast-page-background-enabled":"default","ast-page-background-meta":{"desktop":{"background-color":"var(--ast-global-color-4)","background-image":"","background-repeat":"repeat","background-position":"center center","background-size":"auto","background-attachment":"scroll","background-type":"","background-media":"","overlay-type":"","overlay-color":"","overlay-opacity":"","overlay-gradient":""},"tablet":{"background-color":"","background-image":"","background-repeat":"repeat","background-position":"center center","background-size":"auto","background-attachment":"scroll","background-type":"","background-media":"","overlay-type":"","overlay-color":"","overlay-opacity":"","overlay-gradient":""},"mobile":{"background-color":"","background-image":"","background-repeat":"repeat","background-position":"center center","background-size":"auto","background-attachment":"scroll","background-type":"","background-media":"","overlay-type":"","overlay-color":"","overlay-opacity":"","overlay-gradient":""}},"ast-content-background-meta":{"desktop":{"background-color":"var(--ast-global-color-5)","background-image":"","background-repeat":"repeat","background-position":"center center","background-size":"auto","background-attachment":"scroll","background-type":"","background-media":"","overlay-type":"","overlay-color":"","overlay-opacity":"","overlay-gradient":""},"tablet":{"background-color":"var(--ast-global-color-5)","background-image":"","background-repeat":"repeat","background-position":"center center","background-size":"auto","background-attachment":"scroll","background-type":"","background-media":"","overlay-type":"","overlay-color":"","overlay-opacity":"","overlay-gradient":""},"mobile":{"background-color":"var(--ast-global-color-5)","background-image":"","background-repeat":"repeat","background-position":"center center","background-size":"auto","background-attachment":"scroll","background-type":"","background-media":"","overlay-type":"","overlay-color":"","overlay-opacity":"","overlay-gradient":""}}},"product_brand":[],"product_cat":[69,70,71],"product_tag":[139,136,133,142,125,127,126,148,143,144,138,149,145,137],"class_list":{"0":"post-2797","1":"product","2":"type-product","3":"status-publish","4":"has-post-thumbnail","6":"product_cat-ice_swimming_gloves","7":"product_cat-ice_swimming_socks","8":"product_cat-tote-bags","9":"product_tag-athlete-recovery-gear","10":"product_tag-ice-bath-accessories","11":"product_tag-ice-bath-gear","12":"product_tag-training-recovery-bundle","13":"product_tag-cold-plunge","14":"product_tag-cold-plunge-bundle","15":"product_tag-cold-plunge-essentials","16":"product_tag-black-and-white-cold-plunge-bundle","17":"product_tag-iceplunger","18":"product_tag-iceplunger-black-white-bundle","19":"product_tag-muscle-recovery-cold-plunge","20":"product_tag-neoprene-cold-plunge-gloves","21":"product_tag-neoprene-cold-plunge-socks","22":"product_tag-nordic-cold-plunge","23":"desktop-align-left","24":"tablet-align-left","25":"mobile-align-left","26":"ast-product-gallery-layout-horizontal-slider","27":"ast-product-gallery-with-no-image","28":"ast-product-tabs-layout-horizontal","30":"first","31":"instock","32":"featured","33":"taxable","34":"shipping-taxable","35":"purchasable","36":"product-type-woosb"},"spectra_custom_meta":{"rank_math_internal_links_processed":["1","1"],"_alp_processed":["1764264502","1764264502"],"total_sales":["1"],"_tax_status":["taxable"],"_tax_class":[""],"_manage_stock":["yes"],"_backorders":["yes"],"_sold_individually":["no"],"_virtual":["no"],"_downloadable":["no"],"_download_limit":["-1"],"_download_expiry":["-1"],"_thumbnail_id":["2457"],"_stock":["497"],"_stock_status":["instock"],"_wc_average_rating":["5.00"],"_wc_review_count":["1"],"_price":["99.95"],"site-sidebar-layout":["default"],"theme-transparent-header-meta":["default"],"ast-site-content-layout":["default"],"site-content-style":["default"],"site-sidebar-style":["default"],"_top_nav_excluded":[""],"_cms_nav_minihome":[""],"_last_translation_edit_mode":["translation-editor"],"_wpml_word_count":["239"],"woosb_after_text":[""],"woosb_before_text":[""],"woosb_custom_price":[""],"woosb_disable_auto_price":["on"],"woosb_discount":[""],"woosb_discount_amount":["89"],"woosb_exclude_unpurchasable":["unset"],"woosb_layout":["unset"],"woosb_limit_whole_max":[""],"woosb_limit_whole_min":[""],"woosb_manage_stock":["off"],"woosb_shipping_fee":["whole"],"woosb_total_limits":["off"],"woosb_total_limits_max":[""],"woosb_total_limits_min":[""],"rank_math_seo_score":["14"],"rank_math_contentai_score":["a:5:{s:8:\"keywords\";s:5:\"74.51\";s:9:\"wordCount\";s:1:\"0\";s:9:\"linkCount\";s:1:\"0\";s:12:\"headingCount\";s:1:\"0\";s:10:\"mediaCount\";s:1:\"0\";}"],"cartflows_redirect_flow_id":[""],"cartflows_add_to_cart_text":[""],"_ph_wc_postnord_hs_tariff_code":[""],"_ph_wc_postnord_country_of_manufacture":[""],"_ph_wc_postnord_product_description":[""],"cmplz_hide_cookiebanner":[""],"rank_math_primary_product_brand":["0"],"rank_math_analytic_object_id":["68"],"_edit_lock":["1764264130:1"],"_product_image_gallery":[""],"_wp_old_slug":["musta-ja-valkoinen-avantovarustesetti-copy"],"_edit_last":["1"],"astra-migrate-meta-layouts":["set"],"rank_math_primary_product_cat":["69"],"_wcml_average_rating":["5.00"],"_wcml_review_count":["1"],"_wcml_rating_count":["a:1:{i:5;i:1;}"],"_wc_rating_count":[{"5":1}],"_regular_price":["99.95"],"_product_version":["10.3.5"],"rank_math_title":["Musta ja valkoinen avantovarustesetti"],"rank_math_description":["Musta ja valkoinen avantovarustesetti. Avantovarustesetti avantouintihanskoilla, avantouintisukilla ja kangaskassilla. Jaa rituaali tai kokoa oma t\u00e4ysi setti.  "],"rank_math_focus_keyword":["avantouinti avantouintisetti avantosetti kylm\u00e4vesisetti avantouintihanskat avantohanskat avantouintisukat avantosukat neopreenihanskat neopreenisukat kylm\u00e4vesihanskat kylm\u00e4vessukat kylm\u00e4uintihanskat kylm\u00e4uintisukat talviuintihanskat talviuintisukat avantovarusteet avantouintivarusteet kylm\u00e4vesivarusteet talviuintivarusteet avantouinti varusteet avantouintivarusteet setti avantosetti neopreeniset hanskat neopreeniset sukat kylm\u00e4altistus varusteet kylm\u00e4altistussukat kylm\u00e4altistushanskat j\u00e4\u00e4kylpy j\u00e4\u00e4uinti j\u00e4\u00e4uintivarusteet terapia kylm\u00e4hoito j\u00e4\u00e4kylpyvarusteet kylm\u00e4hoitovarusteet"],"woosb_ids":["a:7:{s:4:\"onno\";a:2:{s:4:\"type\";s:2:\"h3\";s:4:\"text\";s:5:\"Musta\";}s:4:\"033l\";a:6:{s:2:\"id\";s:4:\"2162\";s:3:\"sku\";s:0:\"\";s:3:\"qty\";s:1:\"1\";s:3:\"min\";s:1:\"1\";s:3:\"max\";s:1:\"1\";s:5:\"terms\";a:1:{s:8:\"pa_color\";a:1:{i:0;s:5:\"musta\";}}}s:4:\"y4gs\";a:6:{s:2:\"id\";s:4:\"2184\";s:3:\"sku\";s:0:\"\";s:3:\"qty\";s:1:\"1\";s:3:\"min\";s:1:\"1\";s:3:\"max\";s:1:\"1\";s:5:\"terms\";a:1:{s:8:\"pa_color\";a:1:{i:0;s:5:\"musta\";}}}s:4:\"5g8e\";a:2:{s:4:\"type\";s:2:\"h3\";s:4:\"text\";s:9:\"Valkoinen\";}s:4:\"mnt5\";a:6:{s:2:\"id\";s:4:\"2162\";s:3:\"sku\";s:0:\"\";s:3:\"qty\";s:1:\"1\";s:3:\"min\";s:1:\"1\";s:3:\"max\";s:1:\"1\";s:5:\"terms\";a:1:{s:8:\"pa_color\";a:1:{i:0;s:9:\"valkoinen\";}}}s:4:\"nle7\";a:6:{s:2:\"id\";s:4:\"2184\";s:3:\"sku\";s:0:\"\";s:3:\"qty\";s:1:\"1\";s:3:\"min\";s:1:\"1\";s:3:\"max\";s:1:\"1\";s:5:\"terms\";a:1:{s:8:\"pa_color\";a:1:{i:0;s:9:\"valkoinen\";}}}s:4:\"24a5\";a:5:{s:2:\"id\";s:4:\"2198\";s:3:\"sku\";s:11:\"TOT-BAG-STD\";s:3:\"qty\";s:1:\"1\";s:3:\"min\";s:1:\"1\";s:3:\"max\";s:1:\"1\";}}"],"_uag_css_file_name":["uag-css-2797.css"],"_last_change_time":["1774523281"],"_uag_page_assets":["a:9:{s:3:\"css\";s:1784:\".wp-block-uagb-advanced-heading h1,.wp-block-uagb-advanced-heading h2,.wp-block-uagb-advanced-heading h3,.wp-block-uagb-advanced-heading h4,.wp-block-uagb-advanced-heading h5,.wp-block-uagb-advanced-heading h6,.wp-block-uagb-advanced-heading p,.wp-block-uagb-advanced-heading div{word-break:break-word}.wp-block-uagb-advanced-heading .uagb-heading-text{margin:0}.wp-block-uagb-advanced-heading .uagb-desc-text{margin:0}.wp-block-uagb-advanced-heading .uagb-separator{font-size:0;border-top-style:solid;display:inline-block;margin:0 0 10px 0}.wp-block-uagb-advanced-heading .uagb-highlight{color:#f78a0c;border:0;transition:all .3s ease}.uag-highlight-toolbar{border-left:0;border-top:0;border-bottom:0;border-radius:0;border-right-color:#1e1e1e}.uag-highlight-toolbar .components-button{border-radius:0;outline:none}.uag-highlight-toolbar .components-button.is-primary{color:#fff}.wp-block-uagb-advanced-heading.uagb-block-23f03ea9.wp-block-uagb-advanced-heading {text-align: center;}.wp-block-uagb-advanced-heading.uagb-block-23f03ea9.wp-block-uagb-advanced-heading .uagb-desc-text{margin-bottom: 15px;}.wp-block-uagb-advanced-heading.uagb-block-23f03ea9.wp-block-uagb-advanced-heading .uagb-highlight{font-style: normal;font-weight: Default;background: #007cba;color: #fff;-webkit-text-fill-color: #fff;}.wp-block-uagb-advanced-heading.uagb-block-23f03ea9.wp-block-uagb-advanced-heading .uagb-highlight::-moz-selection{color: #fff;background: #007cba;-webkit-text-fill-color: #fff;}.wp-block-uagb-advanced-heading.uagb-block-23f03ea9.wp-block-uagb-advanced-heading .uagb-highlight::selection{color: #fff;background: #007cba;-webkit-text-fill-color: #fff;}.wp-block-uagb-advanced-heading.uagb-block-23f03ea9 .uagb-heading-text{font-size: 15px;line-height: 1.9em;letter-spacing: 1px;}\";s:2:\"js\";s:0:\"\";s:18:\"current_block_list\";a:12:{i:0;s:11:\"core\/search\";i:1;s:10:\"core\/group\";i:2;s:12:\"core\/heading\";i:3;s:17:\"core\/latest-posts\";i:4;s:20:\"core\/latest-comments\";i:5;s:13:\"core\/archives\";i:6;s:15:\"core\/categories\";i:7;s:10:\"core\/image\";i:8;s:21:\"uagb\/advanced-heading\";i:9;s:17:\"core\/social-links\";i:10;s:16:\"core\/social-link\";i:11;s:14:\"core\/paragraph\";}s:8:\"uag_flag\";b:1;s:11:\"uag_version\";s:10:\"1777640190\";s:6:\"gfonts\";a:0:{}s:10:\"gfonts_url\";s:0:\"\";s:12:\"gfonts_files\";a:0:{}s:14:\"uag_faq_layout\";b:0;}"],"_max_variation_price":[""],"_max_variation_regular_price":[""],"_max_variation_sale_price":[""],"_min_variation_price":[""],"_min_variation_regular_price":[""],"_min_variation_sale_price":[""],"_sale_price":[""]},"uagb_featured_image_src":{"full":["https:\/\/iceplunger.com\/wp-content\/uploads\/2025\/09\/ICE_PLUNGER_Black-and-White-Bundle-e1757984605123.jpg",1080,1425,false],"thumbnail":["https:\/\/iceplunger.com\/wp-content\/uploads\/2025\/09\/ICE_PLUNGER_Black-and-White-Bundle-150x150.jpg",150,150,true],"medium":["https:\/\/iceplunger.com\/wp-content\/uploads\/2025\/09\/ICE_PLUNGER_Black-and-White-Bundle-169x300.jpg",169,300,true],"medium_large":["https:\/\/iceplunger.com\/wp-content\/uploads\/2025\/09\/ICE_PLUNGER_Black-and-White-Bundle-768x1362.jpg",768,1362,true],"large":["https:\/\/iceplunger.com\/wp-content\/uploads\/2025\/09\/ICE_PLUNGER_Black-and-White-Bundle-577x1024.jpg",577,1024,true],"1536x1536":["https:\/\/iceplunger.com\/wp-content\/uploads\/2025\/09\/ICE_PLUNGER_Black-and-White-Bundle-866x1536.jpg",866,1536,true],"2048x2048":["https:\/\/iceplunger.com\/wp-content\/uploads\/2025\/09\/ICE_PLUNGER_Black-and-White-Bundle-e1757984605123.jpg",1080,1425,false],"woocommerce_thumbnail":["https:\/\/iceplunger.com\/wp-content\/uploads\/2025\/09\/ICE_PLUNGER_Black-and-White-Bundle-e1757984605123-300x300.jpg",300,300,true],"woocommerce_single":["https:\/\/iceplunger.com\/wp-content\/uploads\/2025\/09\/ICE_PLUNGER_Black-and-White-Bundle-e1757984605123-600x792.jpg",600,792,true],"woocommerce_gallery_thumbnail":["https:\/\/iceplunger.com\/wp-content\/uploads\/2025\/09\/ICE_PLUNGER_Black-and-White-Bundle-e1757984605123-100x100.jpg",100,100,true]},"uagb_author_info":{"display_name":"ICE PLUNGER admin","author_link":"https:\/\/iceplunger.com\/fi\/author\/"},"uagb_comment_info":1,"uagb_excerpt":"Tupla varustus, tupla avantokokemus.T\u00e4m\u00e4 paketti sis\u00e4lt\u00e4\u00e4 kaksi paria neopreenihanskoja, kaksi paria neopreenisukkia ja yhden kangaskassin. Tarkista sinulle sopiva koko alla olevasta kokotaulukosta!","jetpack_sharing_enabled":true,"_links":{"self":[{"href":"https:\/\/iceplunger.com\/fi\/wp-json\/wp\/v2\/product\/2797","targetHints":{"allow":["GET"]}}],"collection":[{"href":"https:\/\/iceplunger.com\/fi\/wp-json\/wp\/v2\/product"}],"about":[{"href":"https:\/\/iceplunger.com\/fi\/wp-json\/wp\/v2\/types\/product"}],"replies":[{"embeddable":true,"href":"https:\/\/iceplunger.com\/fi\/wp-json\/wp\/v2\/comments?post=2797"}],"wp:featuredmedia":[{"embeddable":true,"href":"https:\/\/iceplunger.com\/fi\/wp-json\/wp\/v2\/media\/2457"}],"wp:attachment":[{"href":"https:\/\/iceplunger.com\/fi\/wp-json\/wp\/v2\/media?parent=2797"}],"wp:term":[{"taxonomy":"product_brand","embeddable":true,"href":"https:\/\/iceplunger.com\/fi\/wp-json\/wp\/v2\/product_brand?post=2797"},{"taxonomy":"product_cat","embeddable":true,"href":"https:\/\/iceplunger.com\/fi\/wp-json\/wp\/v2\/product_cat?post=2797"},{"taxonomy":"product_tag","embeddable":true,"href":"https:\/\/iceplunger.com\/fi\/wp-json\/wp\/v2\/product_tag?post=2797"}],"curies":[{"name":"wp","href":"https:\/\/api.w.org\/{rel}","templated":true}]}}