{"id":2507,"date":"2025-08-27T12:11:05","date_gmt":"2025-08-27T12:11:05","guid":{"rendered":"https:\/\/iceplunger.com\/product\/isbadehansker\/"},"modified":"2025-11-27T19:14:05","modified_gmt":"2025-11-27T17:14:05","slug":"isbadehansker","status":"publish","type":"product","link":"https:\/\/iceplunger.com\/no\/produkt\/isbadehansker\/","title":{"rendered":"Isbadehansker"},"content":{"rendered":"<p data-start=\"254\" data-end=\"428\"><strong>Utstyr for isbading til nordiske forhold sendt fra Finland<\/strong><\/p>\n<p>Av isbadere for isbadere! <\/p>\n<p data-start=\"430\" data-end=\"690\">Med 3 mm premium neopren f\u00e5r du den perfekte balansen \u2013 nok isolasjon til \u00e5 dempe kuldesjokket, men samtidig fleksible nok til \u00e5 sv\u00f8mme og bevege deg naturlig. <\/p>\n<p data-start=\"996\" data-end=\"1010\"><strong data-start=\"996\" data-end=\"1008\">Detaljer:<\/strong><\/p>\n<ul data-start=\"1011\" data-end=\"1311\">\n<li data-start=\"1011\" data-end=\"1053\">\n<p data-start=\"1013\" data-end=\"1053\">3 mm neopren for varme og bevegelighet<\/p>\n<\/li>\n<li data-start=\"1054\" data-end=\"1106\">\n<p data-start=\"1056\" data-end=\"1106\">Nylon lining for durability and comfort<\/p>\n<\/li>\n<li data-start=\"1107\" data-end=\"1172\">\n<p data-start=\"1109\" data-end=\"1172\">80 % nylon \/ 20 % elastan yttermateriale for stretch og styrke<\/p>\n<\/li>\n<li data-start=\"1173\" data-end=\"1230\">\n<p data-start=\"1175\" data-end=\"1230\">Elastisk h\u00e5ndleddsstropp for sikker, vanntett passform<\/p>\n<\/li>\n<li data-start=\"1231\" data-end=\"1279\">\n<p data-start=\"1233\" data-end=\"1279\">Teksturert h\u00e5ndflate for grep i iskalde forhold<\/p>\n<\/li>\n<li data-start=\"1280\" data-end=\"1311\">\n<p data-start=\"1282\" data-end=\"1311\">St\u00f8rrelser: EU 7\u201312 (XS\u20132XL)<\/p>\n<\/li>\n<\/ul>\n<p data-start=\"1313\" data-end=\"1390\"><strong>Take the plunge. Keep your hands strong. And trust the seal\u2014inside and out.  <\/strong><\/p>\n<div class=\"_tableContainer_sk2ct_1\">\n<div class=\"_tableWrapper_sk2ct_13 group flex w-fit flex-col-reverse\" tabindex=\"-1\">\n<table style=\"height: 334px;\" width=\"614\">\n<thead>\n<tr>\n<th>Etikett<\/th>\n<th>EU-st\u00f8rrelse \/ h\u00e5ndflate \/ h\u00e5ndledd<\/th>\n<\/tr>\n<\/thead>\n<tbody>\n<tr>\n<td>XS<\/td>\n<td>7 \/ 18,5 cm \/ 14 cm<\/td>\n<\/tr>\n<tr>\n<td>S<\/td>\n<td>8 \/ 19,5 cm \/ 16 cm<\/td>\n<\/tr>\n<tr>\n<td>M<\/td>\n<td>9 \/ 21,5 cm \/ 17 cm<\/td>\n<\/tr>\n<tr>\n<td>L<\/td>\n<td>10 \/ 22 cm \/ 18,5 cm<\/td>\n<\/tr>\n<tr>\n<td>XL<\/td>\n<td>11 \/ 23,5 cm \/ 19,5 cm<\/td>\n<\/tr>\n<tr>\n<td>2XL<\/td>\n<td>12 \/ 24 cm \/ 20 cm<\/td>\n<\/tr>\n<\/tbody>\n<\/table>\n<p><strong style=\"font-size: 16px;\" data-start=\"1025\" data-end=\"1033\">Tips: <\/strong><span style=\"font-size: 16px;\">Disse hanskene er designet for \u00e5 sitte tett for best isolasjon og ytelse.<\/span><\/p>\n<\/div>\n<\/div>\n<p data-start=\"1022\" data-end=\"1185\">Hvis du foretrekker en mindre tettsittende passform, anbefaler vi \u00e5 velge <strong data-start=\"1167\" data-end=\"1182\">\u00e9n st\u00f8rrelse opp!<\/strong><\/p>\n","protected":false},"excerpt":{"rendered":"<p data-start=\"109\" data-end=\"454\"><strong data-start=\"109\" data-end=\"155\">Isbadehansker \u2013 Bygd for isbadet<\/strong><br \/>\n<br data-start=\"158\" data-end=\"161\">Hold varmen uten \u00e5 miste bevegelighet. Laget av 3 mm neopren med slitesterkt nylonf\u00f4r, stretchy yttermateriale og elastisk stropp ved h\u00e5ndleddet for sikker passform der det teller mest. Teksturerte h\u00e5ndflater gir godt grep i iskalde forhold. Designet av isbadere, for isbadere.   <\/p>\n<p data-start=\"456\" data-end=\"527\">Sjekk st\u00f8rrelsestabellen lenger ned for \u00e5 finne riktig passform!<\/p>\n","protected":false},"featured_media":2475,"comment_status":"open","ping_status":"closed","template":"","meta":{"_uag_custom_page_level_css":"","site-sidebar-layout":"default","site-content-layout":"","ast-site-content-layout":"default","site-content-style":"default","site-sidebar-style":"default","ast-global-header-display":"","ast-banner-title-visibility":"","ast-main-header-display":"","ast-hfb-above-header-display":"","ast-hfb-below-header-display":"","ast-hfb-mobile-header-display":"","site-post-title":"","ast-breadcrumbs-content":"","ast-featured-img":"","footer-sml-layout":"","ast-disable-related-posts":"","theme-transparent-header-meta":"default","adv-header-id-meta":"","stick-header-meta":"","header-above-stick-meta":"","header-main-stick-meta":"","header-below-stick-meta":"","astra-migrate-meta-layouts":"default","ast-page-background-enabled":"default","ast-page-background-meta":{"desktop":{"background-color":"var(--ast-global-color-4)","background-image":"","background-repeat":"repeat","background-position":"center center","background-size":"auto","background-attachment":"scroll","background-type":"","background-media":"","overlay-type":"","overlay-color":"","overlay-opacity":"","overlay-gradient":""},"tablet":{"background-color":"","background-image":"","background-repeat":"repeat","background-position":"center center","background-size":"auto","background-attachment":"scroll","background-type":"","background-media":"","overlay-type":"","overlay-color":"","overlay-opacity":"","overlay-gradient":""},"mobile":{"background-color":"","background-image":"","background-repeat":"repeat","background-position":"center center","background-size":"auto","background-attachment":"scroll","background-type":"","background-media":"","overlay-type":"","overlay-color":"","overlay-opacity":"","overlay-gradient":""}},"ast-content-background-meta":{"desktop":{"background-color":"var(--ast-global-color-5)","background-image":"","background-repeat":"repeat","background-position":"center center","background-size":"auto","background-attachment":"scroll","background-type":"","background-media":"","overlay-type":"","overlay-color":"","overlay-opacity":"","overlay-gradient":""},"tablet":{"background-color":"var(--ast-global-color-5)","background-image":"","background-repeat":"repeat","background-position":"center center","background-size":"auto","background-attachment":"scroll","background-type":"","background-media":"","overlay-type":"","overlay-color":"","overlay-opacity":"","overlay-gradient":""},"mobile":{"background-color":"var(--ast-global-color-5)","background-image":"","background-repeat":"repeat","background-position":"center center","background-size":"auto","background-attachment":"scroll","background-type":"","background-media":"","overlay-type":"","overlay-color":"","overlay-opacity":"","overlay-gradient":""}}},"product_brand":[],"product_cat":[188],"product_tag":[200,274,275,276,242,204,196,277],"class_list":{"0":"post-2507","1":"product","2":"type-product","3":"status-publish","4":"has-post-thumbnail","6":"product_cat-isbadehansker","7":"product_tag-iceplunger","8":"product_tag-isbadehansker","9":"product_tag-kaldtvannshansker","10":"product_tag-kuldeterapi-hansker","11":"product_tag-kuldeterapi-utstyr","12":"product_tag-neopren-isbadehansker","13":"product_tag-nordisk-isbad","14":"product_tag-restitusjon-hansker","15":"desktop-align-left","16":"tablet-align-left","17":"mobile-align-left","18":"ast-product-gallery-layout-horizontal-slider","19":"ast-product-single-variable","20":"ast-product-tabs-layout-horizontal","22":"first","23":"instock","24":"taxable","25":"shipping-taxable","26":"purchasable","27":"product-type-variable"},"spectra_custom_meta":{"rank_math_internal_links_processed":["1"],"wp_statistics_words_count":["200"],"_alp_processed":["1764263646"],"_wcml_average_rating":["5.00"],"_wcml_review_count":["1"],"_wcml_rating_count":["a:1:{i:5;i:1;}"],"rank_math_primary_product_cat":["69"],"_backorders":["no"],"_download_limit":["-1"],"_download_expiry":["-1"],"_downloadable":["no"],"_manage_stock":["no"],"_stock_status":["instock"],"_sold_individually":["no"],"_tax_class":[""],"_tax_status":["taxable"],"_virtual":["no"],"total_sales":["4"],"_price":["29.95"],"site-sidebar-layout":["default"],"theme-transparent-header-meta":["default"],"ast-site-content-layout":["default"],"site-content-style":["default"],"site-sidebar-style":["default"],"_top_nav_excluded":[""],"_cms_nav_minihome":[""],"_thumbnail_id":["2475"],"_product_attributes":["a:2:{s:14:\"pa_size_gloves\";a:6:{s:4:\"name\";s:14:\"pa_size_gloves\";s:5:\"value\";s:0:\"\";s:8:\"position\";i:0;s:10:\"is_visible\";i:1;s:12:\"is_variation\";i:1;s:11:\"is_taxonomy\";i:1;}s:8:\"pa_color\";a:6:{s:4:\"name\";s:8:\"pa_color\";s:5:\"value\";s:0:\"\";s:8:\"position\";i:1;s:10:\"is_visible\";i:1;s:12:\"is_variation\";i:1;s:11:\"is_taxonomy\";i:1;}}"],"_last_translation_edit_mode":["translation-editor"],"_wpml_word_count":["219"],"_product_image_gallery":["2475,2508,2509,2510"],"_wc_facebook_sync_enabled":["yes"],"fb_visibility":["yes"],"_wc_facebook_sync_enabled_v2":["yes"],"_stock":[null],"_wc_average_rating":["5.00"],"_wc_gla_sync_status":["pending"],"rank_math_title":["IcePlunger Isbadehansker | Neopren Isbadehansker"],"rank_math_description":["Neopren isbadehansker med godt grep og varme. Fleksible, varme og laget for isbad. Av isbadere \u2013 for isbadere.  "],"rank_math_focus_keyword":["isbadehansker"],"_crosssell_ids":["a:1:{i:0;i:2198;}"],"_upsell_ids":["a:1:{i:0;i:2639;}"],"_weight":["0.2"],"_width":["23.5"],"_height":["8"],"_length":["23.5"],"_product_version":["10.3.6"],"_uag_css_file_name":["uag-css-2507.css"],"_uag_page_assets":["a:9:{s:3:\"css\";s:2044:\".uag-blocks-common-selector{z-index:var(--z-index-desktop) !important}@media(max-width: 976px){.uag-blocks-common-selector{z-index:var(--z-index-tablet) !important}}@media(max-width: 767px){.uag-blocks-common-selector{z-index:var(--z-index-mobile) !important}}.wp-block-uagb-advanced-heading h1,.wp-block-uagb-advanced-heading h2,.wp-block-uagb-advanced-heading h3,.wp-block-uagb-advanced-heading h4,.wp-block-uagb-advanced-heading h5,.wp-block-uagb-advanced-heading h6,.wp-block-uagb-advanced-heading p,.wp-block-uagb-advanced-heading div{word-break:break-word}.wp-block-uagb-advanced-heading .uagb-heading-text{margin:0}.wp-block-uagb-advanced-heading .uagb-desc-text{margin:0}.wp-block-uagb-advanced-heading .uagb-separator{font-size:0;border-top-style:solid;display:inline-block;margin:0 0 10px 0}.wp-block-uagb-advanced-heading .uagb-highlight{color:#f78a0c;border:0;transition:all .3s ease}.uag-highlight-toolbar{border-left:0;border-top:0;border-bottom:0;border-radius:0;border-right-color:#1e1e1e}.uag-highlight-toolbar .components-button{border-radius:0;outline:none}.uag-highlight-toolbar .components-button.is-primary{color:#fff}.wp-block-uagb-advanced-heading.uagb-block-23f03ea9.wp-block-uagb-advanced-heading {text-align: center;}.wp-block-uagb-advanced-heading.uagb-block-23f03ea9.wp-block-uagb-advanced-heading .uagb-desc-text{margin-bottom: 15px;}.wp-block-uagb-advanced-heading.uagb-block-23f03ea9.wp-block-uagb-advanced-heading .uagb-highlight{font-style: normal;font-weight: Default;background: #007cba;color: #fff;-webkit-text-fill-color: #fff;}.wp-block-uagb-advanced-heading.uagb-block-23f03ea9.wp-block-uagb-advanced-heading .uagb-highlight::-moz-selection{color: #fff;background: #007cba;-webkit-text-fill-color: #fff;}.wp-block-uagb-advanced-heading.uagb-block-23f03ea9.wp-block-uagb-advanced-heading .uagb-highlight::selection{color: #fff;background: #007cba;-webkit-text-fill-color: #fff;}.wp-block-uagb-advanced-heading.uagb-block-23f03ea9 .uagb-heading-text{font-size: 15px;line-height: 1.9em;letter-spacing: 1px;}\";s:2:\"js\";s:0:\"\";s:18:\"current_block_list\";a:12:{i:0;s:11:\"core\/search\";i:1;s:10:\"core\/group\";i:2;s:12:\"core\/heading\";i:3;s:17:\"core\/latest-posts\";i:4;s:20:\"core\/latest-comments\";i:5;s:13:\"core\/archives\";i:6;s:15:\"core\/categories\";i:7;s:10:\"core\/image\";i:8;s:21:\"uagb\/advanced-heading\";i:9;s:17:\"core\/social-links\";i:10;s:16:\"core\/social-link\";i:11;s:14:\"core\/paragraph\";}s:8:\"uag_flag\";b:1;s:11:\"uag_version\";s:10:\"1777640190\";s:6:\"gfonts\";a:0:{}s:10:\"gfonts_url\";s:0:\"\";s:12:\"gfonts_files\";a:0:{}s:14:\"uag_faq_layout\";b:0;}"],"_max_variation_price":[""],"_max_variation_regular_price":[""],"_max_variation_sale_price":[""],"_min_variation_price":[""],"_min_variation_regular_price":[""],"_min_variation_sale_price":[""],"_regular_price":[""],"_sale_price":[""],"_wc_rating_count":[{"5":1}],"_wc_review_count":["1"]},"uagb_featured_image_src":{"full":["https:\/\/iceplunger.com\/wp-content\/uploads\/2025\/08\/Ice_Swimming_Gloves_White_Front_ICE_PLUNGER.jpg",902,1600,false],"thumbnail":["https:\/\/iceplunger.com\/wp-content\/uploads\/2025\/08\/Ice_Swimming_Gloves_White_Front_ICE_PLUNGER-150x150.jpg",150,150,true],"medium":["https:\/\/iceplunger.com\/wp-content\/uploads\/2025\/08\/Ice_Swimming_Gloves_White_Front_ICE_PLUNGER-169x300.jpg",169,300,true],"medium_large":["https:\/\/iceplunger.com\/wp-content\/uploads\/2025\/08\/Ice_Swimming_Gloves_White_Front_ICE_PLUNGER-768x1362.jpg",768,1362,true],"large":["https:\/\/iceplunger.com\/wp-content\/uploads\/2025\/08\/Ice_Swimming_Gloves_White_Front_ICE_PLUNGER-577x1024.jpg",577,1024,true],"1536x1536":["https:\/\/iceplunger.com\/wp-content\/uploads\/2025\/08\/Ice_Swimming_Gloves_White_Front_ICE_PLUNGER-866x1536.jpg",866,1536,true],"2048x2048":["https:\/\/iceplunger.com\/wp-content\/uploads\/2025\/08\/Ice_Swimming_Gloves_White_Front_ICE_PLUNGER.jpg",902,1600,false],"woocommerce_thumbnail":["https:\/\/iceplunger.com\/wp-content\/uploads\/2025\/08\/Ice_Swimming_Gloves_White_Front_ICE_PLUNGER-300x300.jpg",300,300,true],"woocommerce_single":["https:\/\/iceplunger.com\/wp-content\/uploads\/2025\/08\/Ice_Swimming_Gloves_White_Front_ICE_PLUNGER-600x1064.jpg",600,1064,true],"woocommerce_gallery_thumbnail":["https:\/\/iceplunger.com\/wp-content\/uploads\/2025\/08\/Ice_Swimming_Gloves_White_Front_ICE_PLUNGER-100x100.jpg",100,100,true]},"uagb_author_info":{"display_name":"ICE PLUNGER admin","author_link":"https:\/\/iceplunger.com\/no\/author\/"},"uagb_comment_info":1,"uagb_excerpt":"Isbadehansker \u2013 Bygd for isbadet Hold varmen uten \u00e5 miste bevegelighet. Laget av 3 mm neopren med slitesterkt nylonf\u00f4r, stretchy yttermateriale og elastisk stropp ved h\u00e5ndleddet for sikker passform der det teller mest. Teksturerte h\u00e5ndflater gir godt grep i iskalde forhold. Designet av isbadere, for isbadere. Sjekk st\u00f8rrelsestabellen lenger ned for \u00e5 finne riktig passform!","jetpack_sharing_enabled":true,"_links":{"self":[{"href":"https:\/\/iceplunger.com\/no\/wp-json\/wp\/v2\/product\/2507","targetHints":{"allow":["GET"]}}],"collection":[{"href":"https:\/\/iceplunger.com\/no\/wp-json\/wp\/v2\/product"}],"about":[{"href":"https:\/\/iceplunger.com\/no\/wp-json\/wp\/v2\/types\/product"}],"replies":[{"embeddable":true,"href":"https:\/\/iceplunger.com\/no\/wp-json\/wp\/v2\/comments?post=2507"}],"wp:featuredmedia":[{"embeddable":true,"href":"https:\/\/iceplunger.com\/no\/wp-json\/wp\/v2\/media\/2475"}],"wp:attachment":[{"href":"https:\/\/iceplunger.com\/no\/wp-json\/wp\/v2\/media?parent=2507"}],"wp:term":[{"taxonomy":"product_brand","embeddable":true,"href":"https:\/\/iceplunger.com\/no\/wp-json\/wp\/v2\/product_brand?post=2507"},{"taxonomy":"product_cat","embeddable":true,"href":"https:\/\/iceplunger.com\/no\/wp-json\/wp\/v2\/product_cat?post=2507"},{"taxonomy":"product_tag","embeddable":true,"href":"https:\/\/iceplunger.com\/no\/wp-json\/wp\/v2\/product_tag?post=2507"}],"curies":[{"name":"wp","href":"https:\/\/api.w.org\/{rel}","templated":true}]}}